{"id":2998,"date":"2025-02-05T16:41:47","date_gmt":"2025-02-05T15:41:47","guid":{"rendered":"https:\/\/citytourseindhoven.com\/datenschutzrichtlinie\/"},"modified":"2025-02-05T16:41:47","modified_gmt":"2025-02-05T15:41:47","slug":"datenschutzrichtlinie","status":"publish","type":"page","link":"https:\/\/citytourseindhoven.com\/de\/datenschutzrichtlinie\/","title":{"rendered":"Datenschutzrichtlinie"},"content":{"rendered":"<p>City Tours Eindhoven t.h.o.d.n. Food Tour Brabant mit Sitz in Oberto 14, 5629 NG, Eindhoven, ist verantwortlich f\u00fcr die Verarbeitung personenbezogener Daten, wie in dieser Datenschutzerkl\u00e4rung dargelegt.<\/p>\n<p><strong>Kontaktangaben:<br \/>\n<\/strong>Stadtbesichtigungen Eindhoven<br \/>\n<a href=\"https:\/\/citytourseindhoven.com\/\">https:\/\/citytourseindhoven.com<\/a> + <a href=\"http:\/\/www.foodtourbrabant.nl\/\" target=\"_blank\" rel=\"nofollow noopener\">www.foodtourbrabant.nl<\/a><br \/>\nOberto 14, 5629 NG, Eindhoven<br \/>\nTelefon: 040 209 2170<br \/>\nWhatsApp: +31 6 42 63 18 00<\/p>\n<p><strong>Personenbezogene Daten, die wir verarbeiten<br \/>\n<\/strong>City Tours Eindhoven t.h.o.d.n. Food Tour Brabant verarbeitet Ihre personenbezogenen Daten, weil Sie unsere Dienstleistungen in Anspruch nehmen und\/oder weil Sie uns diese Daten selbst zur Verf\u00fcgung stellen. Nachfolgend finden Sie eine \u00dcbersicht \u00fcber die von uns verarbeiteten personenbezogenen Daten: <\/p>\n<p>\u2013 Vor-<br \/>\n und Nachname \u2013 Telefonnummer<br \/>\n \u2013 E-Mail-Adresse<br \/>\n \u2013 Firmenname (optional)<br \/>\n \u2013 Daten \u00fcber Ihre Aktivit\u00e4ten auf unserer Website<\/p>\n<p><strong>Besondere und\/oder sensible personenbezogene Daten, die wir verarbeiten<br \/>\n<\/strong>Unsere Website und\/oder unser Service beabsichtigen nicht, Daten \u00fcber Website-Besucher zu sammeln, die j\u00fcnger als 16 Jahre alt sind. Es sei denn, sie haben die Erlaubnis der Eltern oder des Erziehungsberechtigten. Wir k\u00f6nnen jedoch nicht \u00fcberpr\u00fcfen, ob ein Besucher \u00fcber 16 Jahre alt ist. Wir empfehlen daher, dass Eltern in die Online-Aktivit\u00e4ten ihrer Kinder einbezogen werden, um zu verhindern, dass Daten \u00fcber Kinder ohne Zustimmung der Eltern gesammelt werden. Wenn Sie davon \u00fcberzeugt sind, dass wir ohne diese Zustimmung personenbezogene Daten \u00fcber einen Minderj\u00e4hrigen gesammelt haben, kontaktieren Sie uns bitte unter <a href=\"mailto:info@citytourseindhoven.com\">info@citytourseindhoven.com<\/a> und wir werden diese Informationen l\u00f6schen.    <\/p>\n<p><strong>Zu welchem Zweck und auf welcher Grundlage verarbeiten<br \/>\n wir personenbezogene Daten?<\/strong>City Tours Eindhoven t.h.o.d.n. Food Tour Brabant verarbeitet Ihre personenbezogenen Daten zu folgenden Zwecken: \u2013 Um Sie anrufen oder per E-Mail kontaktieren zu k\u00f6nnen, wenn dies erforderlich ist, um unsere Dienstleistungen erbringen zu k\u00f6nnen. Wir geben den Namen des Hauptbuchers, die dazugeh\u00f6rige Telefonnummer und allf\u00e4llige Di\u00e4ten an die teilnehmende Gastronomie oder durchf\u00fchrende Dritte weiter. <\/p>\n<p><strong>Automatisierte Entscheidungsfindung<br \/>\n<\/strong>City Tours Eindhoven t.h.o.d.n. Food Tour Brabant trifft Entscheidungen auf der Grundlage einer automatisierten Verarbeitung in Angelegenheiten, die (erhebliche) Folgen f\u00fcr den Einzelnen haben k\u00f6nnen. Dabei handelt es sich um Entscheidungen, die von Computerprogrammen oder -systemen getroffen werden, ohne dass ein Mensch (z. B. ein Mitarbeiter von City Tours Eindhoven t.h.o.d.n. Food Tour Brabant) beteiligt ist. City Tours Eindhoven t.h.o.d.n. Food Tour Brabant verwendet die folgenden Computerprogramme oder -systeme: WordPress CMS + MailPoet zur Verwaltung dieser Website.  <\/p>\n<p><strong>Wie lange wir personenbezogene Daten aufbewahren<br \/>\n<\/strong>City Tours Eindhoven t.h.o.d.n. Food Tour Brabant speichert Ihre personenbezogenen Daten nicht l\u00e4nger als unbedingt erforderlich, um die Zwecke zu erreichen, f\u00fcr die Ihre Daten erhoben werden. Wir verwenden eine Aufbewahrungsfrist auf unbestimmte Zeit. Das bedeutet, dass wir die \u00fcber das Kontaktformular eingegebenen Daten nur auf Anfrage l\u00f6schen.  <\/p>\n<p><strong>Weitergabe personenbezogener Daten an Dritte<br \/>\n<\/strong>City Tours Eindhoven t.h.o.d.n. Food Tour Brabant stellt nur an Dritte zur Verf\u00fcgung und nur, wenn dies f\u00fcr die Ausf\u00fchrung unserer Vereinbarung mit Ihnen oder zur Erf\u00fcllung einer gesetzlichen Verpflichtung erforderlich ist. Wir geben den Namen des Hauptbuchers, die dazugeh\u00f6rige Telefonnummer und allf\u00e4llige Di\u00e4ten an die teilnehmende Gastronomie oder durchf\u00fchrende Dritte weiter. <\/p>\n<p><strong>Cookies oder \u00e4hnliche Techniken, die wir verwenden<br \/>\n<\/strong>City Tours Eindhoven t.h.o.d.n. Food Tour Brabant verwendet technische und funktionale Cookies. Auch analytische Cookies, die Ihre Privatsph\u00e4re nicht verletzen. Ein Cookie ist eine kleine Textdatei, die auf Ihrem Computer, Tablet oder Smartphone gespeichert wird, wenn Sie diese Website zum ersten Mal besuchen. Die von uns verwendeten Cookies sind f\u00fcr den technischen Betrieb der Website und Ihre Benutzerfreundlichkeit erforderlich. Sie stellen sicher, dass die Website ordnungsgem\u00e4\u00df funktioniert und merken sich beispielsweise Ihre bevorzugten Einstellungen. Es erm\u00f6glicht uns auch, unsere Website und Routen-App zu optimieren. Sie k\u00f6nnen Cookies deaktivieren, indem Sie Ihren Internetbrowser so einstellen, dass keine Cookies mehr gespeichert werden. Dar\u00fcber hinaus k\u00f6nnen Sie auch alle Informationen l\u00f6schen, die zuvor \u00fcber die Einstellungen Ihres Browsers gespeichert wurden.       <\/p>\n<p><strong>Anzeigen, \u00c4ndern oder L\u00f6schen<br \/>\n von Daten<\/strong>Sie haben das Recht auf Einsichtnahme, Berichtigung oder L\u00f6schung Ihrer personenbezogenen Daten. Dar\u00fcber hinaus haben Sie das Recht, Ihre Einwilligung zur Datenverarbeitung zu widerrufen oder der Verarbeitung Ihrer personenbezogenen Daten durch unser Unternehmen zu widersprechen, und Sie haben das Recht auf Daten\u00fcbertragbarkeit. Das bedeutet, dass Sie eine Anfrage an uns richten k\u00f6nnen, um die personenbezogenen Daten, die wir \u00fcber Sie in einer Computerdatei haben, an Sie oder eine andere von Ihnen benannte Organisation zu senden. Wenn Sie von Ihrem Widerspruchs- und\/oder Recht auf Daten\u00fcbertragbarkeit Gebrauch machen m\u00f6chten oder sonstige Fragen\/Anmerkungen zur Datenverarbeitung haben, richten Sie bitte eine konkrete Anfrage an <a href=\"mailto:info@citytourseindhoven.com\">info@citytourseindhoven.com<\/a>. Um sicherzustellen, dass der Antrag auf Zugang von Ihnen gestellt wurde, bitten wir Sie, dem Antrag eine Kopie Ihres Identit\u00e4tsnachweises beizuf\u00fcgen. Schw\u00e4rzen Sie in dieser Kopie Ihr Passfoto, die MRZ (maschinenlesbare Zone, der Streifen mit den Zahlen am unteren Rand des Passes), die Passnummer und die B\u00fcrgerservicenummer (BSN). Dies dient dem Schutz Ihrer Privatsph\u00e4re. City Tours Eindhoven t.h.o.d.n. Food Tour Brabant wird Ihre Anfrage so schnell wie m\u00f6glich, in jedem Fall aber innerhalb von vier Wochen, beantworten. City Tours Eindhoven t.h.o.d.n. Food Tour Brabant m\u00f6chte Sie auch darauf hinweisen, dass Sie die M\u00f6glichkeit haben, eine Beschwerde bei der nationalen Aufsichtsbeh\u00f6rde, der niederl\u00e4ndischen Datenschutzbeh\u00f6rde, einzureichen. Dies k\u00f6nnen Sie \u00fcber den folgenden Link tun: <a href=\"https:\/\/autoriteitpersoonsgegevens.nl\/nl\/contact-met-de-autoriteit-persoonsgegevens\/tip-ons\" target=\"_blank\" rel=\"nofollow noopener\">https:\/\/autoriteitpersoonsgegevens.nl\/nl\/contact-met-de-autoriteit-persoonsgegevens\/tip-ons<\/a>         <\/p>\n<p><strong>Wie wir personenbezogene Daten sch\u00fctzen<br \/>\n<\/strong>City Tours Eindhoven t.h.o.d.n. Food Tour Brabant nimmt den Schutz Ihrer Daten ernst und ergreift geeignete Ma\u00dfnahmen, um Missbrauch, Verlust, unbefugten Zugriff, unerw\u00fcnschte Offenlegung und unbefugte \u00c4nderung zu verhindern. Wenn Sie das Gef\u00fchl haben, dass Ihre Daten nicht ordnungsgem\u00e4\u00df gesichert sind oder Hinweise auf Missbrauch vorliegen, wenden Sie sich bitte an unseren Kundendienst oder \u00fcber <a href=\"mailto:info@citytourseindhoven.com\">info@citytourseindhoven.com<\/a> <\/p>\n","protected":false},"excerpt":{"rendered":"<p>City Tours Eindhoven t.h.o.d.n. Food Tour Brabant mit Sitz in Oberto 14, 5629 NG, Eindhoven, ist verantwortlich f\u00fcr die Verarbeitung personenbezogener Daten, wie in dieser Datenschutzerkl\u00e4rung dargelegt. Kontaktangaben: Stadtbesichtigungen Eindhoven https:\/\/citytourseindhoven.com + www.foodtourbrabant.nl Oberto 14, 5629 NG, Eindhoven Telefon: 040 209 2170 WhatsApp: +31 6 42 63 18 00 Personenbezogene Daten, die wir verarbeiten City [&hellip;]<\/p>\n","protected":false},"author":1,"featured_media":0,"parent":0,"menu_order":70,"comment_status":"closed","ping_status":"closed","template":"","meta":{"footnotes":""},"class_list":["post-2998","page","type-page","status-publish","hentry"],"yoast_head":"<!-- This site is optimized with the Yoast SEO plugin v24.6 - https:\/\/yoast.com\/wordpress\/plugins\/seo\/ -->\n<title>Datenschutzrichtlinie - City Tours Eindhoven<\/title>\n<meta name=\"robots\" content=\"index, follow, max-snippet:-1, max-image-preview:large, max-video-preview:-1\" \/>\n<link rel=\"canonical\" href=\"https:\/\/citytourseindhoven.com\/de\/datenschutzrichtlinie\/\" \/>\n<meta property=\"og:locale\" content=\"de_DE\" \/>\n<meta property=\"og:type\" content=\"article\" \/>\n<meta property=\"og:title\" content=\"Datenschutzrichtlinie - City Tours Eindhoven\" \/>\n<meta property=\"og:description\" content=\"City Tours Eindhoven t.h.o.d.n. Food Tour Brabant mit Sitz in Oberto 14, 5629 NG, Eindhoven, ist verantwortlich f\u00fcr die Verarbeitung personenbezogener Daten, wie in dieser Datenschutzerkl\u00e4rung dargelegt. Kontaktangaben: Stadtbesichtigungen Eindhoven https:\/\/citytourseindhoven.com + www.foodtourbrabant.nl Oberto 14, 5629 NG, Eindhoven Telefon: 040 209 2170 WhatsApp: +31 6 42 63 18 00 Personenbezogene Daten, die wir verarbeiten City [&hellip;]\" \/>\n<meta property=\"og:url\" content=\"https:\/\/citytourseindhoven.com\/de\/datenschutzrichtlinie\/\" \/>\n<meta property=\"og:site_name\" content=\"City Tours Eindhoven\" \/>\n<meta property=\"article:publisher\" content=\"https:\/\/facebook.com\/citytourseindhoven.com\" \/>\n<meta name=\"twitter:card\" content=\"summary_large_image\" \/>\n<meta name=\"twitter:label1\" content=\"Gesch\u00e4tzte Lesezeit\" \/>\n\t<meta name=\"twitter:data1\" content=\"5\u00a0Minuten\" \/>\n<script type=\"application\/ld+json\" class=\"yoast-schema-graph\">{\"@context\":\"https:\/\/schema.org\",\"@graph\":[{\"@type\":\"WebPage\",\"@id\":\"https:\/\/citytourseindhoven.com\/de\/datenschutzrichtlinie\/\",\"url\":\"https:\/\/citytourseindhoven.com\/de\/datenschutzrichtlinie\/\",\"name\":\"Datenschutzrichtlinie - City Tours Eindhoven\",\"isPartOf\":{\"@id\":\"https:\/\/citytourseindhoven.com\/de\/#website\"},\"datePublished\":\"2025-02-05T15:41:47+00:00\",\"breadcrumb\":{\"@id\":\"https:\/\/citytourseindhoven.com\/de\/datenschutzrichtlinie\/#breadcrumb\"},\"inLanguage\":\"de\",\"potentialAction\":[{\"@type\":\"ReadAction\",\"target\":[\"https:\/\/citytourseindhoven.com\/de\/datenschutzrichtlinie\/\"]}]},{\"@type\":\"BreadcrumbList\",\"@id\":\"https:\/\/citytourseindhoven.com\/de\/datenschutzrichtlinie\/#breadcrumb\",\"itemListElement\":[{\"@type\":\"ListItem\",\"position\":1,\"name\":\"Home\",\"item\":\"https:\/\/citytourseindhoven.com\/de\/\"},{\"@type\":\"ListItem\",\"position\":2,\"name\":\"Datenschutzrichtlinie\"}]},{\"@type\":\"WebSite\",\"@id\":\"https:\/\/citytourseindhoven.com\/de\/#website\",\"url\":\"https:\/\/citytourseindhoven.com\/de\/\",\"name\":\"City Tours Eindhoven\",\"description\":\"Tours &amp; Uitjes in Eindhoven\",\"publisher\":{\"@id\":\"https:\/\/citytourseindhoven.com\/de\/#organization\"},\"potentialAction\":[{\"@type\":\"SearchAction\",\"target\":{\"@type\":\"EntryPoint\",\"urlTemplate\":\"https:\/\/citytourseindhoven.com\/de\/?s={search_term_string}\"},\"query-input\":{\"@type\":\"PropertyValueSpecification\",\"valueRequired\":true,\"valueName\":\"search_term_string\"}}],\"inLanguage\":\"de\"},{\"@type\":\"Organization\",\"@id\":\"https:\/\/citytourseindhoven.com\/de\/#organization\",\"name\":\"City Tours Eindhoven\",\"url\":\"https:\/\/citytourseindhoven.com\/de\/\",\"logo\":{\"@type\":\"ImageObject\",\"inLanguage\":\"de\",\"@id\":\"https:\/\/citytourseindhoven.com\/de\/#\/schema\/logo\/image\/\",\"url\":\"https:\/\/citytourseindhoven.com\/wp-content\/uploads\/2023\/08\/cte_logo_svg-2.svg\",\"contentUrl\":\"https:\/\/citytourseindhoven.com\/wp-content\/uploads\/2023\/08\/cte_logo_svg-2.svg\",\"width\":1,\"height\":1,\"caption\":\"City Tours Eindhoven\"},\"image\":{\"@id\":\"https:\/\/citytourseindhoven.com\/de\/#\/schema\/logo\/image\/\"},\"sameAs\":[\"https:\/\/facebook.com\/citytourseindhoven.com\",\"https:\/\/instagram.com\/citytourseindhoven.com\"]}]}<\/script>\n<!-- \/ Yoast SEO plugin. -->","yoast_head_json":{"title":"Datenschutzrichtlinie - City Tours Eindhoven","robots":{"index":"index","follow":"follow","max-snippet":"max-snippet:-1","max-image-preview":"max-image-preview:large","max-video-preview":"max-video-preview:-1"},"canonical":"https:\/\/citytourseindhoven.com\/de\/datenschutzrichtlinie\/","og_locale":"de_DE","og_type":"article","og_title":"Datenschutzrichtlinie - City Tours Eindhoven","og_description":"City Tours Eindhoven t.h.o.d.n. Food Tour Brabant mit Sitz in Oberto 14, 5629 NG, Eindhoven, ist verantwortlich f\u00fcr die Verarbeitung personenbezogener Daten, wie in dieser Datenschutzerkl\u00e4rung dargelegt. Kontaktangaben: Stadtbesichtigungen Eindhoven https:\/\/citytourseindhoven.com + www.foodtourbrabant.nl Oberto 14, 5629 NG, Eindhoven Telefon: 040 209 2170 WhatsApp: +31 6 42 63 18 00 Personenbezogene Daten, die wir verarbeiten City [&hellip;]","og_url":"https:\/\/citytourseindhoven.com\/de\/datenschutzrichtlinie\/","og_site_name":"City Tours Eindhoven","article_publisher":"https:\/\/facebook.com\/citytourseindhoven.com","twitter_card":"summary_large_image","twitter_misc":{"Gesch\u00e4tzte Lesezeit":"5\u00a0Minuten"},"schema":{"@context":"https:\/\/schema.org","@graph":[{"@type":"WebPage","@id":"https:\/\/citytourseindhoven.com\/de\/datenschutzrichtlinie\/","url":"https:\/\/citytourseindhoven.com\/de\/datenschutzrichtlinie\/","name":"Datenschutzrichtlinie - City Tours Eindhoven","isPartOf":{"@id":"https:\/\/citytourseindhoven.com\/de\/#website"},"datePublished":"2025-02-05T15:41:47+00:00","breadcrumb":{"@id":"https:\/\/citytourseindhoven.com\/de\/datenschutzrichtlinie\/#breadcrumb"},"inLanguage":"de","potentialAction":[{"@type":"ReadAction","target":["https:\/\/citytourseindhoven.com\/de\/datenschutzrichtlinie\/"]}]},{"@type":"BreadcrumbList","@id":"https:\/\/citytourseindhoven.com\/de\/datenschutzrichtlinie\/#breadcrumb","itemListElement":[{"@type":"ListItem","position":1,"name":"Home","item":"https:\/\/citytourseindhoven.com\/de\/"},{"@type":"ListItem","position":2,"name":"Datenschutzrichtlinie"}]},{"@type":"WebSite","@id":"https:\/\/citytourseindhoven.com\/de\/#website","url":"https:\/\/citytourseindhoven.com\/de\/","name":"City Tours Eindhoven","description":"Tours &amp; Uitjes in Eindhoven","publisher":{"@id":"https:\/\/citytourseindhoven.com\/de\/#organization"},"potentialAction":[{"@type":"SearchAction","target":{"@type":"EntryPoint","urlTemplate":"https:\/\/citytourseindhoven.com\/de\/?s={search_term_string}"},"query-input":{"@type":"PropertyValueSpecification","valueRequired":true,"valueName":"search_term_string"}}],"inLanguage":"de"},{"@type":"Organization","@id":"https:\/\/citytourseindhoven.com\/de\/#organization","name":"City Tours Eindhoven","url":"https:\/\/citytourseindhoven.com\/de\/","logo":{"@type":"ImageObject","inLanguage":"de","@id":"https:\/\/citytourseindhoven.com\/de\/#\/schema\/logo\/image\/","url":"https:\/\/citytourseindhoven.com\/wp-content\/uploads\/2023\/08\/cte_logo_svg-2.svg","contentUrl":"https:\/\/citytourseindhoven.com\/wp-content\/uploads\/2023\/08\/cte_logo_svg-2.svg","width":1,"height":1,"caption":"City Tours Eindhoven"},"image":{"@id":"https:\/\/citytourseindhoven.com\/de\/#\/schema\/logo\/image\/"},"sameAs":["https:\/\/facebook.com\/citytourseindhoven.com","https:\/\/instagram.com\/citytourseindhoven.com"]}]}},"_links":{"self":[{"href":"https:\/\/citytourseindhoven.com\/de\/wp-json\/wp\/v2\/pages\/2998","targetHints":{"allow":["GET"]}}],"collection":[{"href":"https:\/\/citytourseindhoven.com\/de\/wp-json\/wp\/v2\/pages"}],"about":[{"href":"https:\/\/citytourseindhoven.com\/de\/wp-json\/wp\/v2\/types\/page"}],"author":[{"embeddable":true,"href":"https:\/\/citytourseindhoven.com\/de\/wp-json\/wp\/v2\/users\/1"}],"replies":[{"embeddable":true,"href":"https:\/\/citytourseindhoven.com\/de\/wp-json\/wp\/v2\/comments?post=2998"}],"version-history":[{"count":0,"href":"https:\/\/citytourseindhoven.com\/de\/wp-json\/wp\/v2\/pages\/2998\/revisions"}],"wp:attachment":[{"href":"https:\/\/citytourseindhoven.com\/de\/wp-json\/wp\/v2\/media?parent=2998"}],"curies":[{"name":"wp","href":"https:\/\/api.w.org\/{rel}","templated":true}]}}