{"id":2641,"date":"2024-02-27T19:23:26","date_gmt":"2024-02-27T18:23:26","guid":{"rendered":"https:\/\/citytourseindhoven.com\/blog\/"},"modified":"2025-02-05T17:10:54","modified_gmt":"2025-02-05T16:10:54","slug":"blog","status":"publish","type":"page","link":"https:\/\/citytourseindhoven.com\/es\/blog\/","title":{"rendered":"Blog"},"content":{"rendered":"\t\t<div data-elementor-type=\"wp-page\" data-elementor-id=\"2641\" class=\"elementor elementor-2641 elementor-586\" data-elementor-post-type=\"page\">\n\t\t\t\t<div class=\"elementor-element elementor-element-2f52c53 e-flex e-con-boxed e-con e-parent\" data-id=\"2f52c53\" data-element_type=\"container\" data-e-type=\"container\">\n\t\t\t\t\t<div class=\"e-con-inner\">\n\t\t\t\t<div class=\"elementor-element elementor-element-af4d8cd elementor-grid-4 elementor-grid-tablet-2 elementor-grid-mobile-1 elementor-widget elementor-widget-loop-grid\" data-id=\"af4d8cd\" data-element_type=\"widget\" data-e-type=\"widget\" data-settings=\"{&quot;template_id&quot;:2707,&quot;columns&quot;:4,&quot;_skin&quot;:&quot;post&quot;,&quot;columns_tablet&quot;:&quot;2&quot;,&quot;columns_mobile&quot;:&quot;1&quot;,&quot;edit_handle_selector&quot;:&quot;[data-elementor-type=\\&quot;loop-item\\&quot;]&quot;,&quot;row_gap&quot;:{&quot;unit&quot;:&quot;px&quot;,&quot;size&quot;:&quot;&quot;,&quot;sizes&quot;:[]},&quot;row_gap_tablet&quot;:{&quot;unit&quot;:&quot;px&quot;,&quot;size&quot;:&quot;&quot;,&quot;sizes&quot;:[]},&quot;row_gap_mobile&quot;:{&quot;unit&quot;:&quot;px&quot;,&quot;size&quot;:&quot;&quot;,&quot;sizes&quot;:[]}}\" data-widget_type=\"loop-grid.post\">\n\t\t\t\t<div class=\"elementor-widget-container\">\n\t\t\t\t\t\t\t<div class=\"elementor-loop-container elementor-grid\">\n\t\t<style id=\"loop-2707\">.elementor-2707 .elementor-element.elementor-element-c27edf1{--display:flex;--flex-direction:row;--container-widget-width:calc( ( 1 - var( --container-widget-flex-grow ) ) * 100% );--container-widget-height:100%;--container-widget-flex-grow:1;--container-widget-align-self:stretch;--flex-wrap-mobile:wrap;--align-items:stretch;--gap:10px 10px;--row-gap:10px;--column-gap:10px;--padding-top:0px;--padding-bottom:0px;--padding-left:0px;--padding-right:0px;}.elementor-2707 .elementor-element.elementor-element-742b369{--display:flex;--gap:10px 10px;--row-gap:10px;--column-gap:10px;--background-transition:0.3s;border-style:solid;--border-style:solid;border-width:1px 1px 1px 1px;--border-top-width:1px;--border-right-width:1px;--border-bottom-width:1px;--border-left-width:1px;border-color:var( --e-global-color-a38d47f );--border-color:var( --e-global-color-a38d47f );--border-radius:5px 5px 5px 5px;--margin-top:0px;--margin-bottom:0px;--margin-left:0px;--margin-right:0px;--padding-top:0px;--padding-bottom:0px;--padding-left:0px;--padding-right:0px;}.elementor-2707 .elementor-element.elementor-element-742b369:hover{background-color:var( --e-global-color-11ebbc9 );}.elementor-widget-image .widget-image-caption{color:var( --e-global-color-text );font-family:var( --e-global-typography-text-font-family ), Sans-serif;font-weight:var( --e-global-typography-text-font-weight );}.elementor-2707 .elementor-element.elementor-element-d2c924c img{width:100%;max-width:1000px;height:195px;object-fit:cover;object-position:center center;border-radius:5px 5px 0px 0px;}.elementor-2707 .elementor-element.elementor-element-d2c924c:hover img{opacity:0.95;}.elementor-widget-heading .elementor-heading-title{font-family:var( --e-global-typography-primary-font-family ), Sans-serif;font-weight:var( --e-global-typography-primary-font-weight );color:var( --e-global-color-primary );}.elementor-2707 .elementor-element.elementor-element-114db3f .elementor-heading-title{font-family:\"Nunito Sans\", Sans-serif;font-size:22px;font-weight:800;line-height:1.1em;color:var( --e-global-color-9e4af60 );}.elementor-2707 .elementor-element.elementor-element-114db3f > .elementor-widget-container{padding:10px 20px 20px 20px;}.elementor-2707 .elementor-element.elementor-element-e978c15 .elementor-heading-title{font-family:\"Nunito Sans\", Sans-serif;font-weight:600;line-height:27px;color:var( --e-global-color-text );}.elementor-2707 .elementor-element.elementor-element-e978c15 > .elementor-widget-container{margin:0px 0px 30px 0px;padding:0px 20px 0px 20px;}@media(max-width:767px){.elementor-2707 .elementor-element.elementor-element-742b369{--margin-top:0px;--margin-bottom:20px;--margin-left:0px;--margin-right:0px;}}\/* Start custom CSS for image, class: .elementor-element-d2c924c *\/.elementor-2707 .elementor-element.elementor-element-d2c924c a{\n    width: 100%!important;\n}\/* End custom CSS *\/<\/style>\t\t<div data-elementor-type=\"loop-item\" data-elementor-id=\"2707\" class=\"elementor elementor-2707 elementor-593 e-loop-item e-loop-item-6281 post-6281 post type-post status-publish format-standard has-post-thumbnail hentry category-sin-categorizar\" data-elementor-post-type=\"elementor_library\" data-custom-edit-handle=\"1\">\n\t\t\t<div class=\"elementor-element elementor-element-c27edf1 e-flex e-con-boxed e-con e-parent\" data-id=\"c27edf1\" data-element_type=\"container\" data-e-type=\"container\">\n\t\t\t\t\t<div class=\"e-con-inner\">\n\t\t<div class=\"elementor-element elementor-element-742b369 e-con-full e-flex e-con e-child\" data-id=\"742b369\" data-element_type=\"container\" data-e-type=\"container\" data-settings=\"{&quot;background_background&quot;:&quot;classic&quot;}\">\n\t\t\t\t<div class=\"elementor-element elementor-element-d2c924c elementor-widget elementor-widget-image\" data-id=\"d2c924c\" data-element_type=\"widget\" data-e-type=\"widget\" data-widget_type=\"image.default\">\n\t\t\t\t<div class=\"elementor-widget-container\">\n\t\t\t\t\t\t\t\t\t\t\t\t\t\t\t\t<a href=\"https:\/\/citytourseindhoven.com\/es\/cargox-cargo-bike-experience-eindhoven-la-salida-familiar-con-ninos-y-o-perro\/\">\n\t\t\t\t\t\t\t<img fetchpriority=\"high\" decoding=\"async\" width=\"2560\" height=\"1707\" src=\"https:\/\/citytourseindhoven.com\/wp-content\/uploads\/2025\/11\/YCM08256-min-scaled.webp\" class=\"attachment-full size-full wp-image-5859\" alt=\"\" \/>\t\t\t\t\t\t\t\t<\/a>\n\t\t\t\t\t\t\t\t\t\t\t\t\t\t\t<\/div>\n\t\t\t\t<\/div>\n\t\t\t\t<div class=\"elementor-element elementor-element-114db3f elementor-widget elementor-widget-heading\" data-id=\"114db3f\" data-element_type=\"widget\" data-e-type=\"widget\" data-widget_type=\"heading.default\">\n\t\t\t\t<div class=\"elementor-widget-container\">\n\t\t\t\t\t<h3 class=\"elementor-heading-title elementor-size-default\"><a href=\"https:\/\/citytourseindhoven.com\/es\/cargox-cargo-bike-experience-eindhoven-la-salida-familiar-con-ninos-y-o-perro\/\">CargoX Cargo Bike Experience Eindhoven, la salida familiar (con ni\u00f1os y\/o perro)<\/a><\/h3>\t\t\t\t<\/div>\n\t\t\t\t<\/div>\n\t\t\t\t<\/div>\n\t\t\t\t\t<\/div>\n\t\t\t\t<\/div>\n\t\t\t\t<\/div>\n\t\t\t\t<div data-elementor-type=\"loop-item\" data-elementor-id=\"2707\" class=\"elementor elementor-2707 elementor-593 e-loop-item e-loop-item-5668 post-5668 post type-post status-publish format-standard has-post-thumbnail hentry category-sin-categorizar\" data-elementor-post-type=\"elementor_library\" data-custom-edit-handle=\"1\">\n\t\t\t<div class=\"elementor-element elementor-element-c27edf1 e-flex e-con-boxed e-con e-parent\" data-id=\"c27edf1\" data-element_type=\"container\" data-e-type=\"container\">\n\t\t\t\t\t<div class=\"e-con-inner\">\n\t\t<div class=\"elementor-element elementor-element-742b369 e-con-full e-flex e-con e-child\" data-id=\"742b369\" data-element_type=\"container\" data-e-type=\"container\" data-settings=\"{&quot;background_background&quot;:&quot;classic&quot;}\">\n\t\t\t\t<div class=\"elementor-element elementor-element-d2c924c elementor-widget elementor-widget-image\" data-id=\"d2c924c\" data-element_type=\"widget\" data-e-type=\"widget\" data-widget_type=\"image.default\">\n\t\t\t\t<div class=\"elementor-widget-container\">\n\t\t\t\t\t\t\t\t\t\t\t\t\t\t\t\t<a href=\"https:\/\/citytourseindhoven.com\/es\/el-rijksmuseum-llega-a-eindhoven-un-nuevo-capitulo-en-la-ciudad-de-la-luz-el-diseno-y-la-innovacion\/\">\n\t\t\t\t\t\t\t<img decoding=\"async\" width=\"1080\" height=\"1080\" src=\"https:\/\/citytourseindhoven.com\/wp-content\/uploads\/2024\/04\/4-min.webp\" class=\"attachment-full size-full wp-image-1412\" alt=\"\" \/>\t\t\t\t\t\t\t\t<\/a>\n\t\t\t\t\t\t\t\t\t\t\t\t\t\t\t<\/div>\n\t\t\t\t<\/div>\n\t\t\t\t<div class=\"elementor-element elementor-element-114db3f elementor-widget elementor-widget-heading\" data-id=\"114db3f\" data-element_type=\"widget\" data-e-type=\"widget\" data-widget_type=\"heading.default\">\n\t\t\t\t<div class=\"elementor-widget-container\">\n\t\t\t\t\t<h3 class=\"elementor-heading-title elementor-size-default\"><a href=\"https:\/\/citytourseindhoven.com\/es\/el-rijksmuseum-llega-a-eindhoven-un-nuevo-capitulo-en-la-ciudad-de-la-luz-el-diseno-y-la-innovacion\/\">El Rijksmuseum llega a Eindhoven, un nuevo cap\u00edtulo en la ciudad de la luz, el dise\u00f1o y la innovaci\u00f3n<\/a><\/h3>\t\t\t\t<\/div>\n\t\t\t\t<\/div>\n\t\t\t\t<\/div>\n\t\t\t\t\t<\/div>\n\t\t\t\t<\/div>\n\t\t\t\t<\/div>\n\t\t\t\t<div data-elementor-type=\"loop-item\" data-elementor-id=\"2707\" class=\"elementor elementor-2707 elementor-593 e-loop-item e-loop-item-5159 post-5159 post type-post status-publish format-standard has-post-thumbnail hentry category-sin-categorizar tag-lugares-de-interes-de-eindhoven tag-museo-philips tag-que-hacer-en-eindhoven tag-recorrido-por-la-ciudad-de-eindhoven tag-strijp-s-es tag-van-gogh-nuenen-es tag-viaje-a-eindhoven tag-visita-guiada-a-eindhoven\" data-elementor-post-type=\"elementor_library\" data-custom-edit-handle=\"1\">\n\t\t\t<div class=\"elementor-element elementor-element-c27edf1 e-flex e-con-boxed e-con e-parent\" data-id=\"c27edf1\" data-element_type=\"container\" data-e-type=\"container\">\n\t\t\t\t\t<div class=\"e-con-inner\">\n\t\t<div class=\"elementor-element elementor-element-742b369 e-con-full e-flex e-con e-child\" data-id=\"742b369\" data-element_type=\"container\" data-e-type=\"container\" data-settings=\"{&quot;background_background&quot;:&quot;classic&quot;}\">\n\t\t\t\t<div class=\"elementor-element elementor-element-d2c924c elementor-widget elementor-widget-image\" data-id=\"d2c924c\" data-element_type=\"widget\" data-e-type=\"widget\" data-widget_type=\"image.default\">\n\t\t\t\t<div class=\"elementor-widget-container\">\n\t\t\t\t\t\t\t\t\t\t\t\t\t\t\t\t<a href=\"https:\/\/citytourseindhoven.com\/es\/10-razones-para-visitar-eindhoven\/\">\n\t\t\t\t\t\t\t<img decoding=\"async\" width=\"1920\" height=\"1280\" src=\"https:\/\/citytourseindhoven.com\/wp-content\/uploads\/2025\/09\/groep-maurice1.jpg\" class=\"attachment-full size-full wp-image-4266\" alt=\"\" srcset=\"https:\/\/citytourseindhoven.com\/wp-content\/uploads\/2025\/09\/groep-maurice1.jpg 1920w, https:\/\/citytourseindhoven.com\/wp-content\/uploads\/2025\/09\/groep-maurice1-300x200.jpg 300w, https:\/\/citytourseindhoven.com\/wp-content\/uploads\/2025\/09\/groep-maurice1-1024x683.jpg 1024w, https:\/\/citytourseindhoven.com\/wp-content\/uploads\/2025\/09\/groep-maurice1-768x512.jpg 768w, https:\/\/citytourseindhoven.com\/wp-content\/uploads\/2025\/09\/groep-maurice1-1536x1024.jpg 1536w\" sizes=\"(max-width: 1920px) 100vw, 1920px\" \/>\t\t\t\t\t\t\t\t<\/a>\n\t\t\t\t\t\t\t\t\t\t\t\t\t\t\t<\/div>\n\t\t\t\t<\/div>\n\t\t\t\t<div class=\"elementor-element elementor-element-114db3f elementor-widget elementor-widget-heading\" data-id=\"114db3f\" data-element_type=\"widget\" data-e-type=\"widget\" data-widget_type=\"heading.default\">\n\t\t\t\t<div class=\"elementor-widget-container\">\n\t\t\t\t\t<h3 class=\"elementor-heading-title elementor-size-default\"><a href=\"https:\/\/citytourseindhoven.com\/es\/10-razones-para-visitar-eindhoven\/\">10 razones para visitar Eindhoven<\/a><\/h3>\t\t\t\t<\/div>\n\t\t\t\t<\/div>\n\t\t\t\t<\/div>\n\t\t\t\t\t<\/div>\n\t\t\t\t<\/div>\n\t\t\t\t<\/div>\n\t\t\t\t<div data-elementor-type=\"loop-item\" data-elementor-id=\"2707\" class=\"elementor elementor-2707 elementor-593 e-loop-item e-loop-item-4052 post-4052 post type-post status-publish format-standard has-post-thumbnail hentry category-sin-categorizar\" data-elementor-post-type=\"elementor_library\" data-custom-edit-handle=\"1\">\n\t\t\t<div class=\"elementor-element elementor-element-c27edf1 e-flex e-con-boxed e-con e-parent\" data-id=\"c27edf1\" data-element_type=\"container\" data-e-type=\"container\">\n\t\t\t\t\t<div class=\"e-con-inner\">\n\t\t<div class=\"elementor-element elementor-element-742b369 e-con-full e-flex e-con e-child\" data-id=\"742b369\" data-element_type=\"container\" data-e-type=\"container\" data-settings=\"{&quot;background_background&quot;:&quot;classic&quot;}\">\n\t\t\t\t<div class=\"elementor-element elementor-element-d2c924c elementor-widget elementor-widget-image\" data-id=\"d2c924c\" data-element_type=\"widget\" data-e-type=\"widget\" data-widget_type=\"image.default\">\n\t\t\t\t<div class=\"elementor-widget-container\">\n\t\t\t\t\t\t\t\t\t\t\t\t\t\t\t\t<a href=\"https:\/\/citytourseindhoven.com\/es\/un-paseo-por-eindhoven-en-2050\/\">\n\t\t\t\t\t\t\t<img loading=\"lazy\" decoding=\"async\" width=\"1080\" height=\"1080\" src=\"https:\/\/citytourseindhoven.com\/wp-content\/uploads\/2025\/08\/robot-min.webp\" class=\"attachment-full size-full wp-image-4050\" alt=\"\" \/>\t\t\t\t\t\t\t\t<\/a>\n\t\t\t\t\t\t\t\t\t\t\t\t\t\t\t<\/div>\n\t\t\t\t<\/div>\n\t\t\t\t<div class=\"elementor-element elementor-element-114db3f elementor-widget elementor-widget-heading\" data-id=\"114db3f\" data-element_type=\"widget\" data-e-type=\"widget\" data-widget_type=\"heading.default\">\n\t\t\t\t<div class=\"elementor-widget-container\">\n\t\t\t\t\t<h3 class=\"elementor-heading-title elementor-size-default\"><a href=\"https:\/\/citytourseindhoven.com\/es\/un-paseo-por-eindhoven-en-2050\/\">Un paseo por Eindhoven en 2050<\/a><\/h3>\t\t\t\t<\/div>\n\t\t\t\t<\/div>\n\t\t\t\t<\/div>\n\t\t\t\t\t<\/div>\n\t\t\t\t<\/div>\n\t\t\t\t<\/div>\n\t\t\t\t<div data-elementor-type=\"loop-item\" data-elementor-id=\"2707\" class=\"elementor elementor-2707 elementor-593 e-loop-item e-loop-item-4022 post-4022 post type-post status-publish format-standard has-post-thumbnail hentry category-sin-categorizar\" data-elementor-post-type=\"elementor_library\" data-custom-edit-handle=\"1\">\n\t\t\t<div class=\"elementor-element elementor-element-c27edf1 e-flex e-con-boxed e-con e-parent\" data-id=\"c27edf1\" data-element_type=\"container\" data-e-type=\"container\">\n\t\t\t\t\t<div class=\"e-con-inner\">\n\t\t<div class=\"elementor-element elementor-element-742b369 e-con-full e-flex e-con e-child\" data-id=\"742b369\" data-element_type=\"container\" data-e-type=\"container\" data-settings=\"{&quot;background_background&quot;:&quot;classic&quot;}\">\n\t\t\t\t<div class=\"elementor-element elementor-element-d2c924c elementor-widget elementor-widget-image\" data-id=\"d2c924c\" data-element_type=\"widget\" data-e-type=\"widget\" data-widget_type=\"image.default\">\n\t\t\t\t<div class=\"elementor-widget-container\">\n\t\t\t\t\t\t\t\t\t\t\t\t\t\t\t\t<a href=\"https:\/\/citytourseindhoven.com\/es\/en-la-carretera-con-el-blog-de-lisa-elize-grootes-descubre-eindhoven-con-un-tour-en-e-fatbike\/\">\n\t\t\t\t\t\t\t<img loading=\"lazy\" decoding=\"async\" width=\"2560\" height=\"1486\" src=\"https:\/\/citytourseindhoven.com\/wp-content\/uploads\/2024\/04\/Eindhoven-the-Blob-en-Philips-Toren-min-scaled.webp\" class=\"attachment-full size-full wp-image-1388\" alt=\"\" \/>\t\t\t\t\t\t\t\t<\/a>\n\t\t\t\t\t\t\t\t\t\t\t\t\t\t\t<\/div>\n\t\t\t\t<\/div>\n\t\t\t\t<div class=\"elementor-element elementor-element-114db3f elementor-widget elementor-widget-heading\" data-id=\"114db3f\" data-element_type=\"widget\" data-e-type=\"widget\" data-widget_type=\"heading.default\">\n\t\t\t\t<div class=\"elementor-widget-container\">\n\t\t\t\t\t<h3 class=\"elementor-heading-title elementor-size-default\"><a href=\"https:\/\/citytourseindhoven.com\/es\/en-la-carretera-con-el-blog-de-lisa-elize-grootes-descubre-eindhoven-con-un-tour-en-e-fatbike\/\">En la carretera con el blog de Lisa Elize Grootes: Descubre Eindhoven con un tour en E-Fatbike<\/a><\/h3>\t\t\t\t<\/div>\n\t\t\t\t<\/div>\n\t\t\t\t<\/div>\n\t\t\t\t\t<\/div>\n\t\t\t\t<\/div>\n\t\t\t\t<\/div>\n\t\t\t\t<div data-elementor-type=\"loop-item\" data-elementor-id=\"2707\" class=\"elementor elementor-2707 elementor-593 e-loop-item e-loop-item-2803 post-2803 post type-post status-publish format-standard has-post-thumbnail hentry category-sin-categorizar\" data-elementor-post-type=\"elementor_library\" data-custom-edit-handle=\"1\">\n\t\t\t<div class=\"elementor-element elementor-element-c27edf1 e-flex e-con-boxed e-con e-parent\" data-id=\"c27edf1\" data-element_type=\"container\" data-e-type=\"container\">\n\t\t\t\t\t<div class=\"e-con-inner\">\n\t\t<div class=\"elementor-element elementor-element-742b369 e-con-full e-flex e-con e-child\" data-id=\"742b369\" data-element_type=\"container\" data-e-type=\"container\" data-settings=\"{&quot;background_background&quot;:&quot;classic&quot;}\">\n\t\t\t\t<div class=\"elementor-element elementor-element-d2c924c elementor-widget elementor-widget-image\" data-id=\"d2c924c\" data-element_type=\"widget\" data-e-type=\"widget\" data-widget_type=\"image.default\">\n\t\t\t\t<div class=\"elementor-widget-container\">\n\t\t\t\t\t\t\t\t\t\t\t\t\t\t\t\t<a href=\"https:\/\/citytourseindhoven.com\/es\/recorridos-y-viajes-en-otono-e-invierno-dejate-hechizar-por-la-magia-de-cada-estacion\/\">\n\t\t\t\t\t\t\t<img loading=\"lazy\" decoding=\"async\" width=\"1080\" height=\"1080\" src=\"https:\/\/citytourseindhoven.com\/wp-content\/uploads\/2024\/11\/7-min.webp\" class=\"attachment-full size-full wp-image-2387\" alt=\"\" \/>\t\t\t\t\t\t\t\t<\/a>\n\t\t\t\t\t\t\t\t\t\t\t\t\t\t\t<\/div>\n\t\t\t\t<\/div>\n\t\t\t\t<div class=\"elementor-element elementor-element-114db3f elementor-widget elementor-widget-heading\" data-id=\"114db3f\" data-element_type=\"widget\" data-e-type=\"widget\" data-widget_type=\"heading.default\">\n\t\t\t\t<div class=\"elementor-widget-container\">\n\t\t\t\t\t<h3 class=\"elementor-heading-title elementor-size-default\"><a href=\"https:\/\/citytourseindhoven.com\/es\/recorridos-y-viajes-en-otono-e-invierno-dejate-hechizar-por-la-magia-de-cada-estacion\/\">Recorridos y Viajes en Oto\u00f1o e Invierno: \u00a1d\u00e9jate hechizar por la magia de cada estaci\u00f3n!<\/a><\/h3>\t\t\t\t<\/div>\n\t\t\t\t<\/div>\n\t\t\t\t<\/div>\n\t\t\t\t\t<\/div>\n\t\t\t\t<\/div>\n\t\t\t\t<\/div>\n\t\t\t\t<\/div>\n\t\t\n\t\t\t\t\t\t<\/div>\n\t\t\t\t<\/div>\n\t\t\t\t\t<\/div>\n\t\t\t\t<\/div>\n\t\t\t\t<\/div>\n\t\t","protected":false},"excerpt":{"rendered":"","protected":false},"author":1,"featured_media":0,"parent":0,"menu_order":91,"comment_status":"closed","ping_status":"closed","template":"","meta":{"footnotes":""},"class_list":["post-2641","page","type-page","status-publish","hentry"],"yoast_head":"<!-- This site is optimized with the Yoast SEO plugin v24.6 - https:\/\/yoast.com\/wordpress\/plugins\/seo\/ -->\n<title>Blog - City Tours Eindhoven<\/title>\n<meta name=\"robots\" content=\"index, follow, max-snippet:-1, max-image-preview:large, max-video-preview:-1\" \/>\n<link rel=\"canonical\" href=\"https:\/\/citytourseindhoven.com\/es\/blog\/\" \/>\n<meta property=\"og:locale\" content=\"es_ES\" \/>\n<meta property=\"og:type\" content=\"article\" \/>\n<meta property=\"og:title\" content=\"Blog - City Tours Eindhoven\" \/>\n<meta property=\"og:url\" content=\"https:\/\/citytourseindhoven.com\/es\/blog\/\" \/>\n<meta property=\"og:site_name\" content=\"City Tours Eindhoven\" \/>\n<meta property=\"article:publisher\" content=\"https:\/\/facebook.com\/citytourseindhoven.com\" \/>\n<meta property=\"article:modified_time\" content=\"2025-02-05T16:10:54+00:00\" \/>\n<meta name=\"twitter:card\" content=\"summary_large_image\" \/>\n<script type=\"application\/ld+json\" class=\"yoast-schema-graph\">{\"@context\":\"https:\/\/schema.org\",\"@graph\":[{\"@type\":\"WebPage\",\"@id\":\"https:\/\/citytourseindhoven.com\/es\/blog\/\",\"url\":\"https:\/\/citytourseindhoven.com\/es\/blog\/\",\"name\":\"Blog - City Tours Eindhoven\",\"isPartOf\":{\"@id\":\"https:\/\/citytourseindhoven.com\/es\/#website\"},\"datePublished\":\"2024-02-27T18:23:26+00:00\",\"dateModified\":\"2025-02-05T16:10:54+00:00\",\"breadcrumb\":{\"@id\":\"https:\/\/citytourseindhoven.com\/es\/blog\/#breadcrumb\"},\"inLanguage\":\"es\",\"potentialAction\":[{\"@type\":\"ReadAction\",\"target\":[\"https:\/\/citytourseindhoven.com\/es\/blog\/\"]}]},{\"@type\":\"BreadcrumbList\",\"@id\":\"https:\/\/citytourseindhoven.com\/es\/blog\/#breadcrumb\",\"itemListElement\":[{\"@type\":\"ListItem\",\"position\":1,\"name\":\"Home\",\"item\":\"https:\/\/citytourseindhoven.com\/es\/\"},{\"@type\":\"ListItem\",\"position\":2,\"name\":\"Blog\"}]},{\"@type\":\"WebSite\",\"@id\":\"https:\/\/citytourseindhoven.com\/es\/#website\",\"url\":\"https:\/\/citytourseindhoven.com\/es\/\",\"name\":\"City Tours Eindhoven\",\"description\":\"Tours &amp; Uitjes in Eindhoven\",\"publisher\":{\"@id\":\"https:\/\/citytourseindhoven.com\/es\/#organization\"},\"potentialAction\":[{\"@type\":\"SearchAction\",\"target\":{\"@type\":\"EntryPoint\",\"urlTemplate\":\"https:\/\/citytourseindhoven.com\/es\/?s={search_term_string}\"},\"query-input\":{\"@type\":\"PropertyValueSpecification\",\"valueRequired\":true,\"valueName\":\"search_term_string\"}}],\"inLanguage\":\"es\"},{\"@type\":\"Organization\",\"@id\":\"https:\/\/citytourseindhoven.com\/es\/#organization\",\"name\":\"City Tours Eindhoven\",\"url\":\"https:\/\/citytourseindhoven.com\/es\/\",\"logo\":{\"@type\":\"ImageObject\",\"inLanguage\":\"es\",\"@id\":\"https:\/\/citytourseindhoven.com\/es\/#\/schema\/logo\/image\/\",\"url\":\"https:\/\/citytourseindhoven.com\/wp-content\/uploads\/2023\/08\/cte_logo_svg-2.svg\",\"contentUrl\":\"https:\/\/citytourseindhoven.com\/wp-content\/uploads\/2023\/08\/cte_logo_svg-2.svg\",\"width\":1,\"height\":1,\"caption\":\"City Tours Eindhoven\"},\"image\":{\"@id\":\"https:\/\/citytourseindhoven.com\/es\/#\/schema\/logo\/image\/\"},\"sameAs\":[\"https:\/\/facebook.com\/citytourseindhoven.com\",\"https:\/\/instagram.com\/citytourseindhoven.com\"]}]}<\/script>\n<!-- \/ Yoast SEO plugin. -->","yoast_head_json":{"title":"Blog - City Tours Eindhoven","robots":{"index":"index","follow":"follow","max-snippet":"max-snippet:-1","max-image-preview":"max-image-preview:large","max-video-preview":"max-video-preview:-1"},"canonical":"https:\/\/citytourseindhoven.com\/es\/blog\/","og_locale":"es_ES","og_type":"article","og_title":"Blog - City Tours Eindhoven","og_url":"https:\/\/citytourseindhoven.com\/es\/blog\/","og_site_name":"City Tours Eindhoven","article_publisher":"https:\/\/facebook.com\/citytourseindhoven.com","article_modified_time":"2025-02-05T16:10:54+00:00","twitter_card":"summary_large_image","schema":{"@context":"https:\/\/schema.org","@graph":[{"@type":"WebPage","@id":"https:\/\/citytourseindhoven.com\/es\/blog\/","url":"https:\/\/citytourseindhoven.com\/es\/blog\/","name":"Blog - City Tours Eindhoven","isPartOf":{"@id":"https:\/\/citytourseindhoven.com\/es\/#website"},"datePublished":"2024-02-27T18:23:26+00:00","dateModified":"2025-02-05T16:10:54+00:00","breadcrumb":{"@id":"https:\/\/citytourseindhoven.com\/es\/blog\/#breadcrumb"},"inLanguage":"es","potentialAction":[{"@type":"ReadAction","target":["https:\/\/citytourseindhoven.com\/es\/blog\/"]}]},{"@type":"BreadcrumbList","@id":"https:\/\/citytourseindhoven.com\/es\/blog\/#breadcrumb","itemListElement":[{"@type":"ListItem","position":1,"name":"Home","item":"https:\/\/citytourseindhoven.com\/es\/"},{"@type":"ListItem","position":2,"name":"Blog"}]},{"@type":"WebSite","@id":"https:\/\/citytourseindhoven.com\/es\/#website","url":"https:\/\/citytourseindhoven.com\/es\/","name":"City Tours Eindhoven","description":"Tours &amp; Uitjes in Eindhoven","publisher":{"@id":"https:\/\/citytourseindhoven.com\/es\/#organization"},"potentialAction":[{"@type":"SearchAction","target":{"@type":"EntryPoint","urlTemplate":"https:\/\/citytourseindhoven.com\/es\/?s={search_term_string}"},"query-input":{"@type":"PropertyValueSpecification","valueRequired":true,"valueName":"search_term_string"}}],"inLanguage":"es"},{"@type":"Organization","@id":"https:\/\/citytourseindhoven.com\/es\/#organization","name":"City Tours Eindhoven","url":"https:\/\/citytourseindhoven.com\/es\/","logo":{"@type":"ImageObject","inLanguage":"es","@id":"https:\/\/citytourseindhoven.com\/es\/#\/schema\/logo\/image\/","url":"https:\/\/citytourseindhoven.com\/wp-content\/uploads\/2023\/08\/cte_logo_svg-2.svg","contentUrl":"https:\/\/citytourseindhoven.com\/wp-content\/uploads\/2023\/08\/cte_logo_svg-2.svg","width":1,"height":1,"caption":"City Tours Eindhoven"},"image":{"@id":"https:\/\/citytourseindhoven.com\/es\/#\/schema\/logo\/image\/"},"sameAs":["https:\/\/facebook.com\/citytourseindhoven.com","https:\/\/instagram.com\/citytourseindhoven.com"]}]}},"_links":{"self":[{"href":"https:\/\/citytourseindhoven.com\/es\/wp-json\/wp\/v2\/pages\/2641","targetHints":{"allow":["GET"]}}],"collection":[{"href":"https:\/\/citytourseindhoven.com\/es\/wp-json\/wp\/v2\/pages"}],"about":[{"href":"https:\/\/citytourseindhoven.com\/es\/wp-json\/wp\/v2\/types\/page"}],"author":[{"embeddable":true,"href":"https:\/\/citytourseindhoven.com\/es\/wp-json\/wp\/v2\/users\/1"}],"replies":[{"embeddable":true,"href":"https:\/\/citytourseindhoven.com\/es\/wp-json\/wp\/v2\/comments?post=2641"}],"version-history":[{"count":1,"href":"https:\/\/citytourseindhoven.com\/es\/wp-json\/wp\/v2\/pages\/2641\/revisions"}],"predecessor-version":[{"id":2642,"href":"https:\/\/citytourseindhoven.com\/es\/wp-json\/wp\/v2\/pages\/2641\/revisions\/2642"}],"wp:attachment":[{"href":"https:\/\/citytourseindhoven.com\/es\/wp-json\/wp\/v2\/media?parent=2641"}],"curies":[{"name":"wp","href":"https:\/\/api.w.org\/{rel}","templated":true}]}}