{"id":2994,"date":"2025-02-05T16:41:47","date_gmt":"2025-02-05T15:41:47","guid":{"rendered":"https:\/\/citytourseindhoven.com\/politica-de-privacidad\/"},"modified":"2025-02-05T16:41:47","modified_gmt":"2025-02-05T15:41:47","slug":"politica-de-privacidad","status":"publish","type":"page","link":"https:\/\/citytourseindhoven.com\/es\/politica-de-privacidad\/","title":{"rendered":"Pol\u00edtica de privacidad"},"content":{"rendered":"<p>City Tours Eindhoven t.h.o.d.n. Food Tour Brabant, ubicada en Oberto 14, 5629 NG, Eindhoven, es responsable del procesamiento de datos personales como se muestra en esta declaraci\u00f3n de privacidad.<\/p>\n<p><strong>Datos de contacto:<br \/>\n<\/strong>Visitas guiadas por la ciudad de Eindhoven<br \/>\n<a href=\"https:\/\/citytourseindhoven.com\/\">https:\/\/citytourseindhoven.com<\/a> + <a href=\"http:\/\/www.foodtourbrabant.nl\/\" target=\"_blank\" rel=\"nofollow noopener\">www.foodtourbrabant.nl<\/a><br \/>\nOberto 14, 5629 NG, Eindhoven<br \/>\nTel\u00e9fono: 040 209 2170<br \/>\nWhatsApp: +31 6 42 63 18 00<\/p>\n<p><strong>Datos personales que tratamos<br \/>\n<\/strong>City Tours Eindhoven t.h.o.d.n. Food Tour Brabant procesa sus datos personales porque utiliza nuestros servicios y\/o porque usted mismo nos proporciona estos datos. A continuaci\u00f3n encontrar\u00e1 un resumen de los datos personales que tratamos: <\/p>\n<p>\u2013 Nombre y apellidos<br \/>\n \u2013 N\u00famero de<br \/>\n tel\u00e9fono \u2013 Direcci\u00f3n de correo electr\u00f3nico \u2013 Nombre<br \/>\n de la empresa (opcional)<br \/>\n \u2013 Datos sobre sus actividades en nuestro sitio web<\/p>\n<p><strong>Datos personales especiales y\/o sensibles que tratamos<br \/>\n<\/strong>Nuestro sitio web y\/o servicio no tiene la intenci\u00f3n de recopilar datos sobre los visitantes del sitio web que son menores de 16 a\u00f1os. A menos que tengan permiso de los padres o tutores. Sin embargo, no podemos verificar que un visitante sea mayor de 16 a\u00f1os. Por lo tanto, recomendamos que los padres participen en las actividades en l\u00ednea de sus hijos para evitar que se recopilen datos sobre los ni\u00f1os sin el consentimiento de los padres. Si est\u00e1 convencido de que hemos recopilado datos personales sobre un menor sin ese consentimiento, p\u00f3ngase en contacto con nosotros en <a href=\"mailto:info@citytourseindhoven.com\">info@citytourseindhoven.com<\/a> y eliminaremos esta informaci\u00f3n.    <\/p>\n<p><strong>Con qu\u00e9 finalidad y sobre qu\u00e9 base tratamos<br \/>\n los datos personales<\/strong>City Tours Eindhoven t.h.o.d.n. Food Tour Brabant procesa sus datos personales para los siguientes fines: \u2013 Para poder llamarle o enviarle un correo electr\u00f3nico si es necesario para poder realizar nuestros servicios. Transmitimos el nombre de la persona que realiza la reserva principal, el n\u00famero de tel\u00e9fono asociado y las dietas a la industria de restauraci\u00f3n participante o a terceros int\u00e9rpretes. <\/p>\n<p><strong>Toma de decisiones<br \/>\n automatizada<\/strong>City Tours Eindhoven t.h.o.d.n. Food Tour Brabant toma decisiones sobre la base del procesamiento automatizado sobre asuntos que pueden tener consecuencias (significativas) para las personas. Se trata de decisiones que se toman mediante programas o sistemas inform\u00e1ticos, sin que intervenga un ser humano (por ejemplo, un empleado de City Tours Eindhoven t.h.o.d.n. Food Tour Brabant). City Tours Eindhoven t.h.o.d.n. Food Tour Brabant utiliza los siguientes programas o sistemas inform\u00e1ticos: WordPress CMS + MailPoet para gestionar este sitio web.  <\/p>\n<p><strong>Cu\u00e1nto tiempo conservamos<br \/>\n los datos personales<\/strong>City Tours Eindhoven t.h.o.d.n. Food Tour Brabant no almacena sus datos personales durante m\u00e1s tiempo del estrictamente necesario para lograr los fines para los que se recopilan sus datos. Utilizamos un per\u00edodo de retenci\u00f3n por un per\u00edodo de tiempo indefinido. Esto significa que solo eliminaremos los datos introducidos a trav\u00e9s del formulario de contacto si as\u00ed lo solicitamos.  <\/p>\n<p><strong>Compartir datos personales con terceros<br \/>\n<\/strong>City Tours Eindhoven t.h.o.d.n. Food Tour Brabant solo proporciona a terceros y solo si es necesario para la ejecuci\u00f3n de nuestro acuerdo con usted o para cumplir con una obligaci\u00f3n legal. Transmitimos el nombre de la persona que realiza la reserva principal, el n\u00famero de tel\u00e9fono asociado y las dietas a la industria de restauraci\u00f3n participante o a terceros int\u00e9rpretes. <\/p>\n<p><strong>Cookies, o t\u00e9cnicas similares, que utilizamos<br \/>\n<\/strong>City Tours Eindhoven t.h.o.d.n. Food Tour Brabant utiliza cookies t\u00e9cnicas y funcionales. Tambi\u00e9n cookies anal\u00edticas que no infringen su privacidad. Una cookie es un peque\u00f1o archivo de texto que se almacena en su ordenador, tableta o smartphone cuando visita este sitio web por primera vez. Las cookies que utilizamos son necesarias para el funcionamiento t\u00e9cnico del sitio web y su facilidad de uso. Garantizan que el sitio web funcione correctamente y recuerdan, por ejemplo, sus configuraciones preferidas. Tambi\u00e9n nos permite optimizar nuestro sitio web y nuestra aplicaci\u00f3n de rutas. Puede optar por no recibir cookies configurando su navegador de Internet para que deje de almacenar cookies. Adem\u00e1s, tambi\u00e9n puede eliminar cualquier informaci\u00f3n que se haya guardado previamente a trav\u00e9s de la configuraci\u00f3n de su navegador.       <\/p>\n<p><strong>Visualizaci\u00f3n, modificaci\u00f3n o eliminaci\u00f3n de<br \/>\n datos<\/strong>Tiene derecho a ver, corregir o eliminar sus datos personales. Adem\u00e1s, tiene derecho a retirar su consentimiento para el tratamiento de datos o a oponerse al tratamiento de sus datos personales por parte de nuestra empresa y tiene derecho a la portabilidad de los datos. Esto significa que puede enviarnos una solicitud para que le enviemos los datos personales que tenemos sobre usted en un archivo inform\u00e1tico a usted o a otra organizaci\u00f3n nombrada por usted. Si desea ejercer su derecho de oposici\u00f3n y\/o derecho a la portabilidad de los datos o si tiene alguna otra pregunta\/comentario sobre el tratamiento de datos, env\u00ede una solicitud espec\u00edfica a <a href=\"mailto:info@citytourseindhoven.com\">info@citytourseindhoven.com<\/a>. Para asegurarnos de que usted ha realizado la solicitud de acceso, le pedimos que adjunte una copia de su documento de identidad a la solicitud. En esta copia, oscurece la foto de su pasaporte, MRZ (zona legible por m\u00e1quina, la tira con n\u00fameros en la parte inferior del pasaporte), n\u00famero de pasaporte y N\u00famero de Servicio al Ciudadano (BSN). Esto es para proteger su privacidad. City Tours Eindhoven t.h.o.d.n. Food Tour Brabant responder\u00e1 a su solicitud lo antes posible, pero en cualquier caso en un plazo de cuatro semanas. City Tours Eindhoven t.h.o.d.n. Food Tour Brabant tambi\u00e9n desea se\u00f1alar que tiene la opci\u00f3n de presentar una queja ante la autoridad supervisora nacional, la Autoridad Holandesa de Protecci\u00f3n de Datos. Puedes hacerlo a trav\u00e9s del siguiente enlace: <a href=\"https:\/\/autoriteitpersoonsgegevens.nl\/nl\/contact-met-de-autoriteit-persoonsgegevens\/tip-ons\" target=\"_blank\" rel=\"nofollow noopener\">https:\/\/autoriteitpersoonsgegevens.nl\/nl\/contact-met-de-autoriteit-persoonsgegevens\/tip-ons<\/a>         <\/p>\n<p><strong>C\u00f3mo protegemos<br \/>\n los datos personales<\/strong>City Tours Eindhoven t.h.o.d.n. Food Tour Brabant se toma muy en serio la protecci\u00f3n de sus datos y toma las medidas adecuadas para evitar el uso indebido, la p\u00e9rdida, el acceso no autorizado, la divulgaci\u00f3n no deseada y la modificaci\u00f3n no autorizada. Si cree que sus datos no est\u00e1n debidamente protegidos o hay indicios de uso indebido, p\u00f3ngase en contacto con nuestro servicio de atenci\u00f3n al cliente o a trav\u00e9s <a href=\"mailto:info@citytourseindhoven.com\">de info@citytourseindhoven.com<\/a> <\/p>\n","protected":false},"excerpt":{"rendered":"<p>City Tours Eindhoven t.h.o.d.n. Food Tour Brabant, ubicada en Oberto 14, 5629 NG, Eindhoven, es responsable del procesamiento de datos personales como se muestra en esta declaraci\u00f3n de privacidad. Datos de contacto: Visitas guiadas por la ciudad de Eindhoven https:\/\/citytourseindhoven.com + www.foodtourbrabant.nl Oberto 14, 5629 NG, Eindhoven Tel\u00e9fono: 040 209 2170 WhatsApp: +31 6 42 [&hellip;]<\/p>\n","protected":false},"author":1,"featured_media":0,"parent":0,"menu_order":69,"comment_status":"closed","ping_status":"closed","template":"","meta":{"footnotes":""},"class_list":["post-2994","page","type-page","status-publish","hentry"],"yoast_head":"<!-- This site is optimized with the Yoast SEO plugin v24.6 - https:\/\/yoast.com\/wordpress\/plugins\/seo\/ -->\n<title>Pol\u00edtica de privacidad - City Tours Eindhoven<\/title>\n<meta name=\"robots\" content=\"index, follow, max-snippet:-1, max-image-preview:large, max-video-preview:-1\" \/>\n<link rel=\"canonical\" href=\"https:\/\/citytourseindhoven.com\/es\/politica-de-privacidad\/\" \/>\n<meta property=\"og:locale\" content=\"es_ES\" \/>\n<meta property=\"og:type\" content=\"article\" \/>\n<meta property=\"og:title\" content=\"Pol\u00edtica de privacidad - City Tours Eindhoven\" \/>\n<meta property=\"og:description\" content=\"City Tours Eindhoven t.h.o.d.n. Food Tour Brabant, ubicada en Oberto 14, 5629 NG, Eindhoven, es responsable del procesamiento de datos personales como se muestra en esta declaraci\u00f3n de privacidad. Datos de contacto: Visitas guiadas por la ciudad de Eindhoven https:\/\/citytourseindhoven.com + www.foodtourbrabant.nl Oberto 14, 5629 NG, Eindhoven Tel\u00e9fono: 040 209 2170 WhatsApp: +31 6 42 [&hellip;]\" \/>\n<meta property=\"og:url\" content=\"https:\/\/citytourseindhoven.com\/es\/politica-de-privacidad\/\" \/>\n<meta property=\"og:site_name\" content=\"City Tours Eindhoven\" \/>\n<meta property=\"article:publisher\" content=\"https:\/\/facebook.com\/citytourseindhoven.com\" \/>\n<meta name=\"twitter:card\" content=\"summary_large_image\" \/>\n<meta name=\"twitter:label1\" content=\"Tiempo de lectura\" \/>\n\t<meta name=\"twitter:data1\" content=\"5 minutos\" \/>\n<script type=\"application\/ld+json\" class=\"yoast-schema-graph\">{\"@context\":\"https:\/\/schema.org\",\"@graph\":[{\"@type\":\"WebPage\",\"@id\":\"https:\/\/citytourseindhoven.com\/es\/politica-de-privacidad\/\",\"url\":\"https:\/\/citytourseindhoven.com\/es\/politica-de-privacidad\/\",\"name\":\"Pol\u00edtica de privacidad - City Tours Eindhoven\",\"isPartOf\":{\"@id\":\"https:\/\/citytourseindhoven.com\/es\/#website\"},\"datePublished\":\"2025-02-05T15:41:47+00:00\",\"breadcrumb\":{\"@id\":\"https:\/\/citytourseindhoven.com\/es\/politica-de-privacidad\/#breadcrumb\"},\"inLanguage\":\"es\",\"potentialAction\":[{\"@type\":\"ReadAction\",\"target\":[\"https:\/\/citytourseindhoven.com\/es\/politica-de-privacidad\/\"]}]},{\"@type\":\"BreadcrumbList\",\"@id\":\"https:\/\/citytourseindhoven.com\/es\/politica-de-privacidad\/#breadcrumb\",\"itemListElement\":[{\"@type\":\"ListItem\",\"position\":1,\"name\":\"Home\",\"item\":\"https:\/\/citytourseindhoven.com\/es\/\"},{\"@type\":\"ListItem\",\"position\":2,\"name\":\"Pol\u00edtica de privacidad\"}]},{\"@type\":\"WebSite\",\"@id\":\"https:\/\/citytourseindhoven.com\/es\/#website\",\"url\":\"https:\/\/citytourseindhoven.com\/es\/\",\"name\":\"City Tours Eindhoven\",\"description\":\"Tours &amp; Uitjes in Eindhoven\",\"publisher\":{\"@id\":\"https:\/\/citytourseindhoven.com\/es\/#organization\"},\"potentialAction\":[{\"@type\":\"SearchAction\",\"target\":{\"@type\":\"EntryPoint\",\"urlTemplate\":\"https:\/\/citytourseindhoven.com\/es\/?s={search_term_string}\"},\"query-input\":{\"@type\":\"PropertyValueSpecification\",\"valueRequired\":true,\"valueName\":\"search_term_string\"}}],\"inLanguage\":\"es\"},{\"@type\":\"Organization\",\"@id\":\"https:\/\/citytourseindhoven.com\/es\/#organization\",\"name\":\"City Tours Eindhoven\",\"url\":\"https:\/\/citytourseindhoven.com\/es\/\",\"logo\":{\"@type\":\"ImageObject\",\"inLanguage\":\"es\",\"@id\":\"https:\/\/citytourseindhoven.com\/es\/#\/schema\/logo\/image\/\",\"url\":\"https:\/\/citytourseindhoven.com\/wp-content\/uploads\/2023\/08\/cte_logo_svg-2.svg\",\"contentUrl\":\"https:\/\/citytourseindhoven.com\/wp-content\/uploads\/2023\/08\/cte_logo_svg-2.svg\",\"width\":1,\"height\":1,\"caption\":\"City Tours Eindhoven\"},\"image\":{\"@id\":\"https:\/\/citytourseindhoven.com\/es\/#\/schema\/logo\/image\/\"},\"sameAs\":[\"https:\/\/facebook.com\/citytourseindhoven.com\",\"https:\/\/instagram.com\/citytourseindhoven.com\"]}]}<\/script>\n<!-- \/ Yoast SEO plugin. -->","yoast_head_json":{"title":"Pol\u00edtica de privacidad - City Tours Eindhoven","robots":{"index":"index","follow":"follow","max-snippet":"max-snippet:-1","max-image-preview":"max-image-preview:large","max-video-preview":"max-video-preview:-1"},"canonical":"https:\/\/citytourseindhoven.com\/es\/politica-de-privacidad\/","og_locale":"es_ES","og_type":"article","og_title":"Pol\u00edtica de privacidad - City Tours Eindhoven","og_description":"City Tours Eindhoven t.h.o.d.n. Food Tour Brabant, ubicada en Oberto 14, 5629 NG, Eindhoven, es responsable del procesamiento de datos personales como se muestra en esta declaraci\u00f3n de privacidad. Datos de contacto: Visitas guiadas por la ciudad de Eindhoven https:\/\/citytourseindhoven.com + www.foodtourbrabant.nl Oberto 14, 5629 NG, Eindhoven Tel\u00e9fono: 040 209 2170 WhatsApp: +31 6 42 [&hellip;]","og_url":"https:\/\/citytourseindhoven.com\/es\/politica-de-privacidad\/","og_site_name":"City Tours Eindhoven","article_publisher":"https:\/\/facebook.com\/citytourseindhoven.com","twitter_card":"summary_large_image","twitter_misc":{"Tiempo de lectura":"5 minutos"},"schema":{"@context":"https:\/\/schema.org","@graph":[{"@type":"WebPage","@id":"https:\/\/citytourseindhoven.com\/es\/politica-de-privacidad\/","url":"https:\/\/citytourseindhoven.com\/es\/politica-de-privacidad\/","name":"Pol\u00edtica de privacidad - City Tours Eindhoven","isPartOf":{"@id":"https:\/\/citytourseindhoven.com\/es\/#website"},"datePublished":"2025-02-05T15:41:47+00:00","breadcrumb":{"@id":"https:\/\/citytourseindhoven.com\/es\/politica-de-privacidad\/#breadcrumb"},"inLanguage":"es","potentialAction":[{"@type":"ReadAction","target":["https:\/\/citytourseindhoven.com\/es\/politica-de-privacidad\/"]}]},{"@type":"BreadcrumbList","@id":"https:\/\/citytourseindhoven.com\/es\/politica-de-privacidad\/#breadcrumb","itemListElement":[{"@type":"ListItem","position":1,"name":"Home","item":"https:\/\/citytourseindhoven.com\/es\/"},{"@type":"ListItem","position":2,"name":"Pol\u00edtica de privacidad"}]},{"@type":"WebSite","@id":"https:\/\/citytourseindhoven.com\/es\/#website","url":"https:\/\/citytourseindhoven.com\/es\/","name":"City Tours Eindhoven","description":"Tours &amp; Uitjes in Eindhoven","publisher":{"@id":"https:\/\/citytourseindhoven.com\/es\/#organization"},"potentialAction":[{"@type":"SearchAction","target":{"@type":"EntryPoint","urlTemplate":"https:\/\/citytourseindhoven.com\/es\/?s={search_term_string}"},"query-input":{"@type":"PropertyValueSpecification","valueRequired":true,"valueName":"search_term_string"}}],"inLanguage":"es"},{"@type":"Organization","@id":"https:\/\/citytourseindhoven.com\/es\/#organization","name":"City Tours Eindhoven","url":"https:\/\/citytourseindhoven.com\/es\/","logo":{"@type":"ImageObject","inLanguage":"es","@id":"https:\/\/citytourseindhoven.com\/es\/#\/schema\/logo\/image\/","url":"https:\/\/citytourseindhoven.com\/wp-content\/uploads\/2023\/08\/cte_logo_svg-2.svg","contentUrl":"https:\/\/citytourseindhoven.com\/wp-content\/uploads\/2023\/08\/cte_logo_svg-2.svg","width":1,"height":1,"caption":"City Tours Eindhoven"},"image":{"@id":"https:\/\/citytourseindhoven.com\/es\/#\/schema\/logo\/image\/"},"sameAs":["https:\/\/facebook.com\/citytourseindhoven.com","https:\/\/instagram.com\/citytourseindhoven.com"]}]}},"_links":{"self":[{"href":"https:\/\/citytourseindhoven.com\/es\/wp-json\/wp\/v2\/pages\/2994","targetHints":{"allow":["GET"]}}],"collection":[{"href":"https:\/\/citytourseindhoven.com\/es\/wp-json\/wp\/v2\/pages"}],"about":[{"href":"https:\/\/citytourseindhoven.com\/es\/wp-json\/wp\/v2\/types\/page"}],"author":[{"embeddable":true,"href":"https:\/\/citytourseindhoven.com\/es\/wp-json\/wp\/v2\/users\/1"}],"replies":[{"embeddable":true,"href":"https:\/\/citytourseindhoven.com\/es\/wp-json\/wp\/v2\/comments?post=2994"}],"version-history":[{"count":0,"href":"https:\/\/citytourseindhoven.com\/es\/wp-json\/wp\/v2\/pages\/2994\/revisions"}],"wp:attachment":[{"href":"https:\/\/citytourseindhoven.com\/es\/wp-json\/wp\/v2\/media?parent=2994"}],"curies":[{"name":"wp","href":"https:\/\/api.w.org\/{rel}","templated":true}]}}