{"id":2618,"date":"2025-02-05T16:45:40","date_gmt":"2025-02-05T15:45:40","guid":{"rendered":"https:\/\/citytourseindhoven.com\/conditions-generales-dutilisation\/"},"modified":"2025-02-05T16:45:40","modified_gmt":"2025-02-05T15:45:40","slug":"conditions-generales-dutilisation","status":"publish","type":"page","link":"https:\/\/citytourseindhoven.com\/fr\/conditions-generales-dutilisation\/","title":{"rendered":"Conditions g\u00e9n\u00e9rales d&rsquo;utilisation"},"content":{"rendered":"<p><a href=\"https:\/\/citytourseindhoven.com\/wp-content\/uploads\/2025\/02\/Voorwaarden-voor-online-boekingen-zonder-tussenkomst-van-onze-maatwerkafdeling.pdf\">Conditions d&rsquo;utilisation des r\u00e9servations en ligne<\/a> | <a href=\"https:\/\/citytourseindhoven.com\/wp-content\/uploads\/2025\/02\/Voorwaarden-Maatwerkboekingen.pdf\">Conditions d&rsquo;utilisation des r\u00e9servations personnalis\u00e9es<\/a><\/p>\n","protected":false},"excerpt":{"rendered":"<p>Conditions d&rsquo;utilisation des r\u00e9servations en ligne | Conditions d&rsquo;utilisation des r\u00e9servations personnalis\u00e9es<\/p>\n","protected":false},"author":1,"featured_media":0,"parent":0,"menu_order":63,"comment_status":"closed","ping_status":"closed","template":"","meta":{"footnotes":""},"class_list":["post-2618","page","type-page","status-publish","hentry"],"yoast_head":"<!-- This site is optimized with the Yoast SEO plugin v24.6 - https:\/\/yoast.com\/wordpress\/plugins\/seo\/ -->\n<title>Conditions g\u00e9n\u00e9rales d&#039;utilisation - City Tours Eindhoven<\/title>\n<meta name=\"robots\" content=\"index, follow, max-snippet:-1, max-image-preview:large, max-video-preview:-1\" \/>\n<link rel=\"canonical\" href=\"https:\/\/citytourseindhoven.com\/fr\/conditions-generales-dutilisation\/\" \/>\n<meta property=\"og:locale\" content=\"fr_FR\" \/>\n<meta property=\"og:type\" content=\"article\" \/>\n<meta property=\"og:title\" content=\"Conditions g\u00e9n\u00e9rales d&#039;utilisation - City Tours Eindhoven\" \/>\n<meta property=\"og:description\" content=\"Conditions d&rsquo;utilisation des r\u00e9servations en ligne | Conditions d&rsquo;utilisation des r\u00e9servations personnalis\u00e9es\" \/>\n<meta property=\"og:url\" content=\"https:\/\/citytourseindhoven.com\/fr\/conditions-generales-dutilisation\/\" \/>\n<meta property=\"og:site_name\" content=\"City Tours Eindhoven\" \/>\n<meta property=\"article:publisher\" content=\"https:\/\/facebook.com\/citytourseindhoven.com\" \/>\n<meta name=\"twitter:card\" content=\"summary_large_image\" \/>\n<script type=\"application\/ld+json\" class=\"yoast-schema-graph\">{\"@context\":\"https:\/\/schema.org\",\"@graph\":[{\"@type\":\"WebPage\",\"@id\":\"https:\/\/citytourseindhoven.com\/fr\/conditions-generales-dutilisation\/\",\"url\":\"https:\/\/citytourseindhoven.com\/fr\/conditions-generales-dutilisation\/\",\"name\":\"Conditions g\u00e9n\u00e9rales d'utilisation - City Tours Eindhoven\",\"isPartOf\":{\"@id\":\"https:\/\/citytourseindhoven.com\/fr\/#website\"},\"datePublished\":\"2025-02-05T15:45:40+00:00\",\"breadcrumb\":{\"@id\":\"https:\/\/citytourseindhoven.com\/fr\/conditions-generales-dutilisation\/#breadcrumb\"},\"inLanguage\":\"fr-FR\",\"potentialAction\":[{\"@type\":\"ReadAction\",\"target\":[\"https:\/\/citytourseindhoven.com\/fr\/conditions-generales-dutilisation\/\"]}]},{\"@type\":\"BreadcrumbList\",\"@id\":\"https:\/\/citytourseindhoven.com\/fr\/conditions-generales-dutilisation\/#breadcrumb\",\"itemListElement\":[{\"@type\":\"ListItem\",\"position\":1,\"name\":\"Home\",\"item\":\"https:\/\/citytourseindhoven.com\/fr\/\"},{\"@type\":\"ListItem\",\"position\":2,\"name\":\"Conditions g\u00e9n\u00e9rales d&#8217;utilisation\"}]},{\"@type\":\"WebSite\",\"@id\":\"https:\/\/citytourseindhoven.com\/fr\/#website\",\"url\":\"https:\/\/citytourseindhoven.com\/fr\/\",\"name\":\"City Tours Eindhoven\",\"description\":\"Tours &amp; Uitjes in Eindhoven\",\"publisher\":{\"@id\":\"https:\/\/citytourseindhoven.com\/fr\/#organization\"},\"potentialAction\":[{\"@type\":\"SearchAction\",\"target\":{\"@type\":\"EntryPoint\",\"urlTemplate\":\"https:\/\/citytourseindhoven.com\/fr\/?s={search_term_string}\"},\"query-input\":{\"@type\":\"PropertyValueSpecification\",\"valueRequired\":true,\"valueName\":\"search_term_string\"}}],\"inLanguage\":\"fr-FR\"},{\"@type\":\"Organization\",\"@id\":\"https:\/\/citytourseindhoven.com\/fr\/#organization\",\"name\":\"City Tours Eindhoven\",\"url\":\"https:\/\/citytourseindhoven.com\/fr\/\",\"logo\":{\"@type\":\"ImageObject\",\"inLanguage\":\"fr-FR\",\"@id\":\"https:\/\/citytourseindhoven.com\/fr\/#\/schema\/logo\/image\/\",\"url\":\"https:\/\/citytourseindhoven.com\/wp-content\/uploads\/2023\/08\/cte_logo_svg-2.svg\",\"contentUrl\":\"https:\/\/citytourseindhoven.com\/wp-content\/uploads\/2023\/08\/cte_logo_svg-2.svg\",\"width\":1,\"height\":1,\"caption\":\"City Tours Eindhoven\"},\"image\":{\"@id\":\"https:\/\/citytourseindhoven.com\/fr\/#\/schema\/logo\/image\/\"},\"sameAs\":[\"https:\/\/facebook.com\/citytourseindhoven.com\",\"https:\/\/instagram.com\/citytourseindhoven.com\"]}]}<\/script>\n<!-- \/ Yoast SEO plugin. -->","yoast_head_json":{"title":"Conditions g\u00e9n\u00e9rales d'utilisation - City Tours Eindhoven","robots":{"index":"index","follow":"follow","max-snippet":"max-snippet:-1","max-image-preview":"max-image-preview:large","max-video-preview":"max-video-preview:-1"},"canonical":"https:\/\/citytourseindhoven.com\/fr\/conditions-generales-dutilisation\/","og_locale":"fr_FR","og_type":"article","og_title":"Conditions g\u00e9n\u00e9rales d'utilisation - City Tours Eindhoven","og_description":"Conditions d&rsquo;utilisation des r\u00e9servations en ligne | Conditions d&rsquo;utilisation des r\u00e9servations personnalis\u00e9es","og_url":"https:\/\/citytourseindhoven.com\/fr\/conditions-generales-dutilisation\/","og_site_name":"City Tours Eindhoven","article_publisher":"https:\/\/facebook.com\/citytourseindhoven.com","twitter_card":"summary_large_image","schema":{"@context":"https:\/\/schema.org","@graph":[{"@type":"WebPage","@id":"https:\/\/citytourseindhoven.com\/fr\/conditions-generales-dutilisation\/","url":"https:\/\/citytourseindhoven.com\/fr\/conditions-generales-dutilisation\/","name":"Conditions g\u00e9n\u00e9rales d'utilisation - City Tours Eindhoven","isPartOf":{"@id":"https:\/\/citytourseindhoven.com\/fr\/#website"},"datePublished":"2025-02-05T15:45:40+00:00","breadcrumb":{"@id":"https:\/\/citytourseindhoven.com\/fr\/conditions-generales-dutilisation\/#breadcrumb"},"inLanguage":"fr-FR","potentialAction":[{"@type":"ReadAction","target":["https:\/\/citytourseindhoven.com\/fr\/conditions-generales-dutilisation\/"]}]},{"@type":"BreadcrumbList","@id":"https:\/\/citytourseindhoven.com\/fr\/conditions-generales-dutilisation\/#breadcrumb","itemListElement":[{"@type":"ListItem","position":1,"name":"Home","item":"https:\/\/citytourseindhoven.com\/fr\/"},{"@type":"ListItem","position":2,"name":"Conditions g\u00e9n\u00e9rales d&#8217;utilisation"}]},{"@type":"WebSite","@id":"https:\/\/citytourseindhoven.com\/fr\/#website","url":"https:\/\/citytourseindhoven.com\/fr\/","name":"City Tours Eindhoven","description":"Tours &amp; Uitjes in Eindhoven","publisher":{"@id":"https:\/\/citytourseindhoven.com\/fr\/#organization"},"potentialAction":[{"@type":"SearchAction","target":{"@type":"EntryPoint","urlTemplate":"https:\/\/citytourseindhoven.com\/fr\/?s={search_term_string}"},"query-input":{"@type":"PropertyValueSpecification","valueRequired":true,"valueName":"search_term_string"}}],"inLanguage":"fr-FR"},{"@type":"Organization","@id":"https:\/\/citytourseindhoven.com\/fr\/#organization","name":"City Tours Eindhoven","url":"https:\/\/citytourseindhoven.com\/fr\/","logo":{"@type":"ImageObject","inLanguage":"fr-FR","@id":"https:\/\/citytourseindhoven.com\/fr\/#\/schema\/logo\/image\/","url":"https:\/\/citytourseindhoven.com\/wp-content\/uploads\/2023\/08\/cte_logo_svg-2.svg","contentUrl":"https:\/\/citytourseindhoven.com\/wp-content\/uploads\/2023\/08\/cte_logo_svg-2.svg","width":1,"height":1,"caption":"City Tours Eindhoven"},"image":{"@id":"https:\/\/citytourseindhoven.com\/fr\/#\/schema\/logo\/image\/"},"sameAs":["https:\/\/facebook.com\/citytourseindhoven.com","https:\/\/instagram.com\/citytourseindhoven.com"]}]}},"_links":{"self":[{"href":"https:\/\/citytourseindhoven.com\/fr\/wp-json\/wp\/v2\/pages\/2618","targetHints":{"allow":["GET"]}}],"collection":[{"href":"https:\/\/citytourseindhoven.com\/fr\/wp-json\/wp\/v2\/pages"}],"about":[{"href":"https:\/\/citytourseindhoven.com\/fr\/wp-json\/wp\/v2\/types\/page"}],"author":[{"embeddable":true,"href":"https:\/\/citytourseindhoven.com\/fr\/wp-json\/wp\/v2\/users\/1"}],"replies":[{"embeddable":true,"href":"https:\/\/citytourseindhoven.com\/fr\/wp-json\/wp\/v2\/comments?post=2618"}],"version-history":[{"count":0,"href":"https:\/\/citytourseindhoven.com\/fr\/wp-json\/wp\/v2\/pages\/2618\/revisions"}],"wp:attachment":[{"href":"https:\/\/citytourseindhoven.com\/fr\/wp-json\/wp\/v2\/media?parent=2618"}],"curies":[{"name":"wp","href":"https:\/\/api.w.org\/{rel}","templated":true}]}}