{"id":3008,"date":"2025-02-05T16:41:47","date_gmt":"2025-02-05T15:41:47","guid":{"rendered":"https:\/\/citytourseindhoven.com\/politique-de-confidentialite\/"},"modified":"2025-02-05T16:41:47","modified_gmt":"2025-02-05T15:41:47","slug":"politique-de-confidentialite","status":"publish","type":"page","link":"https:\/\/citytourseindhoven.com\/fr\/politique-de-confidentialite\/","title":{"rendered":"Politique de confidentialit\u00e9"},"content":{"rendered":"<p>City Tours Eindhoven t.h.o.d.n. Food Tour Brabant, dont le si\u00e8ge social est situ\u00e9 Oberto 14, 5629 NG, Eindhoven, est responsable du traitement des donn\u00e9es \u00e0 caract\u00e8re personnel tel qu\u2019indiqu\u00e9 dans la pr\u00e9sente d\u00e9claration de confidentialit\u00e9.<\/p>\n<p><strong>Coordonn\u00e9es :<br \/>\n<\/strong>Visites de la ville d\u2019Eindhoven<br \/>\n<a href=\"https:\/\/citytourseindhoven.com\/\">https:\/\/citytourseindhoven.com<\/a> + <a href=\"http:\/\/www.foodtourbrabant.nl\/\" target=\"_blank\" rel=\"nofollow noopener\">www.foodtourbrabant.nl<\/a><br \/>\nOberto 14, 5629 NG, Eindhoven<br \/>\nT\u00e9l\u00e9phone&nbsp;: 040 209 2170<br \/>\nWhatsApp&nbsp;: +31 6 42 63 18 00<\/p>\n<p><strong>Donn\u00e9es personnelles que nous traitons<br \/>\n<\/strong>City Tours Eindhoven t.h.o.d.n. Food Tour Brabant traite vos donn\u00e9es personnelles parce que vous utilisez nos services et\/ou parce que vous nous fournissez vous-m\u00eame ces donn\u00e9es. Vous trouverez ci-dessous un aper\u00e7u des donn\u00e9es personnelles que nous traitons : <\/p>\n<p>\u2013 Nom et pr\u00e9nom<br \/>\n \u2013 Num\u00e9ro de<br \/>\n t\u00e9l\u00e9phone \u2013 Adresse<br \/>\n e-mail \u2013 Nom de l\u2019entreprise (facultatif)<br \/>\n \u2013 Donn\u00e9es relatives \u00e0 vos activit\u00e9s sur notre site web<\/p>\n<p><strong>Donn\u00e9es \u00e0 caract\u00e8re personnel sp\u00e9ciales et\/ou sensibles que nous traitons<br \/>\n<\/strong>Notre site web et\/ou notre service n\u2019ont pas l\u2019intention de collecter des donn\u00e9es sur les visiteurs du site web \u00e2g\u00e9s de moins de 16 ans. \u00c0 moins qu\u2019ils n\u2019aient l\u2019autorisation de leurs parents ou de leur tuteur. Cependant, nous ne pouvons pas v\u00e9rifier qu\u2019un visiteur a plus de 16 ans. Nous recommandons donc aux parents d\u2019\u00eatre impliqu\u00e9s dans les activit\u00e9s en ligne de leurs enfants afin d\u2019\u00e9viter que des donn\u00e9es sur les enfants ne soient collect\u00e9es sans le consentement parental. Si vous \u00eates convaincu que nous avons collect\u00e9 des donn\u00e9es personnelles sur un mineur sans ce consentement, veuillez nous contacter \u00e0 <a href=\"mailto:info@citytourseindhoven.com\">l\u2019info@citytourseindhoven.com<\/a> et nous supprimerons ces informations.    <\/p>\n<p><strong>Dans quel but et sur quelle base nous traitons les<br \/>\n donn\u00e9es personnelles<\/strong>City Tours Eindhoven t.h.o.d.n. Food Tour Brabant traite vos donn\u00e9es personnelles aux fins suivantes : \u2013 Pour pouvoir vous appeler ou vous envoyer un e-mail si cela est n\u00e9cessaire pour pouvoir ex\u00e9cuter nos services. Nous transmettons le nom de la personne qui effectue la r\u00e9servation principale, le num\u00e9ro de t\u00e9l\u00e9phone associ\u00e9 et les \u00e9ventuels r\u00e9gimes alimentaires \u00e0 l\u2019industrie de la restauration participante ou \u00e0 des tiers ex\u00e9cutants. <\/p>\n<p><strong>Prise<br \/>\n de d\u00e9cision automatis\u00e9e<\/strong>City Tours Eindhoven t.h.o.d.n. Food Tour Brabant prend des d\u00e9cisions sur la base d\u2019un traitement automatis\u00e9 sur des questions qui peuvent avoir des cons\u00e9quences (importantes) pour les individus. Il s\u2019agit de d\u00e9cisions qui sont prises par des programmes ou des syst\u00e8mes informatiques, sans qu\u2019un \u00eatre humain (par exemple, un employ\u00e9 de City Tours Eindhoven t.h.o.d.n. Food Tour Brabant) ne soit impliqu\u00e9. City Tours Eindhoven t.h.o.d.n. Food Tour Brabant utilise les programmes ou syst\u00e8mes informatiques suivants : WordPress CMS + MailPoet pour g\u00e9rer ce site web.  <\/p>\n<p><strong>Combien de temps conservons-nous les<br \/>\n donn\u00e9es personnelles<\/strong> ?City Tours Eindhoven t.h.o.d.n. Food Tour Brabant ne conserve pas vos donn\u00e9es personnelles plus longtemps que strictement n\u00e9cessaire pour atteindre les objectifs pour lesquels vos donn\u00e9es sont collect\u00e9es. Nous utilisons une p\u00e9riode de conservation pour une dur\u00e9e ind\u00e9termin\u00e9e. Cela signifie que nous ne supprimerons les donn\u00e9es saisies via le formulaire de contact que sur demande.  <\/p>\n<p><strong>Partage des donn\u00e9es personnelles avec des tiers<br \/>\n<\/strong>City Tours Eindhoven t.h.o.d.n. Food Tour Brabant ne fournit \u00e0 des tiers que si cela est n\u00e9cessaire pour l\u2019ex\u00e9cution de notre contrat avec vous ou pour se conformer \u00e0 une obligation l\u00e9gale. Nous transmettons le nom de la personne qui effectue la r\u00e9servation principale, le num\u00e9ro de t\u00e9l\u00e9phone associ\u00e9 et les \u00e9ventuels r\u00e9gimes alimentaires \u00e0 l\u2019industrie de la restauration participante ou \u00e0 des tiers ex\u00e9cutants. <\/p>\n<p><strong>Cookies, ou techniques similaires, que nous utilisons<br \/>\n<\/strong>City Tours Eindhoven t.h.o.d.n. Food Tour Brabant utilise des cookies techniques et fonctionnels. \u00c9galement des cookies analytiques qui ne portent pas atteinte \u00e0 votre vie priv\u00e9e. Un cookie est un petit fichier texte qui est stock\u00e9 sur votre ordinateur, votre tablette ou votre smartphone lorsque vous visitez ce site Web pour la premi\u00e8re fois. Les cookies que nous utilisons sont n\u00e9cessaires au fonctionnement technique du site web et \u00e0 votre facilit\u00e9 d\u2019utilisation. Ils veillent au bon fonctionnement du site web et se souviennent, par exemple, de vos param\u00e8tres pr\u00e9f\u00e9r\u00e9s. Cela nous permet \u00e9galement d\u2019optimiser notre site Web et notre application d\u2019itin\u00e9raire. Vous pouvez d\u00e9sactiver les cookies en configurant votre navigateur Internet pour qu\u2019il cesse de stocker des cookies. En outre, vous pouvez \u00e9galement supprimer toutes les informations qui ont \u00e9t\u00e9 pr\u00e9c\u00e9demment enregistr\u00e9es dans les param\u00e8tres de votre navigateur.       <\/p>\n<p><strong>Afficher, modifier ou supprimer des<br \/>\n donn\u00e9es<\/strong>Vous disposez d\u2019un droit de consultation, de rectification ou de suppression de vos donn\u00e9es personnelles. En outre, vous avez le droit de retirer votre consentement au traitement des donn\u00e9es ou de vous opposer au traitement de vos donn\u00e9es personnelles par notre soci\u00e9t\u00e9 et vous avez le droit \u00e0 la portabilit\u00e9 des donn\u00e9es. Cela signifie que vous pouvez nous soumettre une demande pour nous envoyer les donn\u00e9es personnelles que nous d\u00e9tenons \u00e0 votre sujet dans un fichier informatique \u00e0 vous ou \u00e0 une autre organisation que vous d\u00e9signez. Si vous souhaitez exercer votre droit d\u2019opposition et\/ou votre droit \u00e0 la portabilit\u00e9 des donn\u00e9es ou si vous avez d\u2019autres questions\/remarques sur le traitement des donn\u00e9es, veuillez <a href=\"mailto:info@citytourseindhoven.com\">info@citytourseindhoven.com<\/a> adresser une demande sp\u00e9cifique. Afin de nous assurer que la demande d\u2019acc\u00e8s a bien \u00e9t\u00e9 formul\u00e9e par vous, nous vous demandons de joindre \u00e0 la demande une copie de votre justificatif d\u2019identit\u00e9. Dans cette copie, noircissez votre photo d\u2019identit\u00e9, la MRZ (zone de lecture automatique, la bande avec les chiffres au bas du passeport), le num\u00e9ro de passeport et le num\u00e9ro de service citoyen (BSN). Il s\u2019agit de prot\u00e9ger votre vie priv\u00e9e. City Tours Eindhoven t.h.o.d.n. Food Tour Brabant r\u00e9pondra \u00e0 votre demande dans les plus brefs d\u00e9lais, mais en tout cas dans les quatre semaines. City Tours Eindhoven t.h.o.d.n. Food Tour Brabant attire \u00e9galement votre attention sur le fait que vous avez la possibilit\u00e9 de d\u00e9poser une plainte aupr\u00e8s de l\u2019autorit\u00e9 de contr\u00f4le nationale, l\u2019Autorit\u00e9 n\u00e9erlandaise de protection des donn\u00e9es. Vous pouvez le faire via le lien suivant : <a href=\"https:\/\/autoriteitpersoonsgegevens.nl\/nl\/contact-met-de-autoriteit-persoonsgegevens\/tip-ons\" target=\"_blank\" rel=\"nofollow noopener\">https:\/\/autoriteitpersoonsgegevens.nl\/nl\/contact-met-de-autoriteit-persoonsgegevens\/tip-ons<\/a>         <\/p>\n<p><strong>Comment nous prot\u00e9geons<br \/>\n les donn\u00e9es personnelles<\/strong>City Tours Eindhoven t.h.o.d.n. Food Tour Brabant prend la protection de vos donn\u00e9es au s\u00e9rieux et prend les mesures appropri\u00e9es pour \u00e9viter les abus, les pertes, les acc\u00e8s non autoris\u00e9s, les divulgations non d\u00e9sir\u00e9es et les modifications non autoris\u00e9es. Si vous estimez que vos donn\u00e9es ne sont pas correctement s\u00e9curis\u00e9es ou s\u2019il y a des indices d\u2019utilisation abusive, veuillez contacter notre service client\u00e8le ou via <a href=\"mailto:info@citytourseindhoven.com\">info@citytourseindhoven.com<\/a> <\/p>\n","protected":false},"excerpt":{"rendered":"<p>City Tours Eindhoven t.h.o.d.n. Food Tour Brabant, dont le si\u00e8ge social est situ\u00e9 Oberto 14, 5629 NG, Eindhoven, est responsable du traitement des donn\u00e9es \u00e0 caract\u00e8re personnel tel qu\u2019indiqu\u00e9 dans la pr\u00e9sente d\u00e9claration de confidentialit\u00e9. Coordonn\u00e9es : Visites de la ville d\u2019Eindhoven https:\/\/citytourseindhoven.com + www.foodtourbrabant.nl Oberto 14, 5629 NG, Eindhoven T\u00e9l\u00e9phone&nbsp;: 040 209 2170 WhatsApp&nbsp;: [&hellip;]<\/p>\n","protected":false},"author":1,"featured_media":0,"parent":0,"menu_order":67,"comment_status":"closed","ping_status":"closed","template":"","meta":{"footnotes":""},"class_list":["post-3008","page","type-page","status-publish","hentry"],"yoast_head":"<!-- This site is optimized with the Yoast SEO plugin v24.6 - https:\/\/yoast.com\/wordpress\/plugins\/seo\/ -->\n<title>Politique de confidentialit\u00e9 - City Tours Eindhoven<\/title>\n<meta name=\"robots\" content=\"index, follow, max-snippet:-1, max-image-preview:large, max-video-preview:-1\" \/>\n<link rel=\"canonical\" href=\"https:\/\/citytourseindhoven.com\/fr\/politique-de-confidentialite\/\" \/>\n<meta property=\"og:locale\" content=\"fr_FR\" \/>\n<meta property=\"og:type\" content=\"article\" \/>\n<meta property=\"og:title\" content=\"Politique de confidentialit\u00e9 - City Tours Eindhoven\" \/>\n<meta property=\"og:description\" content=\"City Tours Eindhoven t.h.o.d.n. Food Tour Brabant, dont le si\u00e8ge social est situ\u00e9 Oberto 14, 5629 NG, Eindhoven, est responsable du traitement des donn\u00e9es \u00e0 caract\u00e8re personnel tel qu\u2019indiqu\u00e9 dans la pr\u00e9sente d\u00e9claration de confidentialit\u00e9. Coordonn\u00e9es : Visites de la ville d\u2019Eindhoven https:\/\/citytourseindhoven.com + www.foodtourbrabant.nl Oberto 14, 5629 NG, Eindhoven T\u00e9l\u00e9phone&nbsp;: 040 209 2170 WhatsApp&nbsp;: [&hellip;]\" \/>\n<meta property=\"og:url\" content=\"https:\/\/citytourseindhoven.com\/fr\/politique-de-confidentialite\/\" \/>\n<meta property=\"og:site_name\" content=\"City Tours Eindhoven\" \/>\n<meta property=\"article:publisher\" content=\"https:\/\/facebook.com\/citytourseindhoven.com\" \/>\n<meta name=\"twitter:card\" content=\"summary_large_image\" \/>\n<meta name=\"twitter:label1\" content=\"Dur\u00e9e de lecture estim\u00e9e\" \/>\n\t<meta name=\"twitter:data1\" content=\"6 minutes\" \/>\n<script type=\"application\/ld+json\" class=\"yoast-schema-graph\">{\"@context\":\"https:\/\/schema.org\",\"@graph\":[{\"@type\":\"WebPage\",\"@id\":\"https:\/\/citytourseindhoven.com\/fr\/politique-de-confidentialite\/\",\"url\":\"https:\/\/citytourseindhoven.com\/fr\/politique-de-confidentialite\/\",\"name\":\"Politique de confidentialit\u00e9 - City Tours Eindhoven\",\"isPartOf\":{\"@id\":\"https:\/\/citytourseindhoven.com\/fr\/#website\"},\"datePublished\":\"2025-02-05T15:41:47+00:00\",\"breadcrumb\":{\"@id\":\"https:\/\/citytourseindhoven.com\/fr\/politique-de-confidentialite\/#breadcrumb\"},\"inLanguage\":\"fr-FR\",\"potentialAction\":[{\"@type\":\"ReadAction\",\"target\":[\"https:\/\/citytourseindhoven.com\/fr\/politique-de-confidentialite\/\"]}]},{\"@type\":\"BreadcrumbList\",\"@id\":\"https:\/\/citytourseindhoven.com\/fr\/politique-de-confidentialite\/#breadcrumb\",\"itemListElement\":[{\"@type\":\"ListItem\",\"position\":1,\"name\":\"Home\",\"item\":\"https:\/\/citytourseindhoven.com\/fr\/\"},{\"@type\":\"ListItem\",\"position\":2,\"name\":\"Politique de confidentialit\u00e9\"}]},{\"@type\":\"WebSite\",\"@id\":\"https:\/\/citytourseindhoven.com\/fr\/#website\",\"url\":\"https:\/\/citytourseindhoven.com\/fr\/\",\"name\":\"City Tours Eindhoven\",\"description\":\"Tours &amp; Uitjes in Eindhoven\",\"publisher\":{\"@id\":\"https:\/\/citytourseindhoven.com\/fr\/#organization\"},\"potentialAction\":[{\"@type\":\"SearchAction\",\"target\":{\"@type\":\"EntryPoint\",\"urlTemplate\":\"https:\/\/citytourseindhoven.com\/fr\/?s={search_term_string}\"},\"query-input\":{\"@type\":\"PropertyValueSpecification\",\"valueRequired\":true,\"valueName\":\"search_term_string\"}}],\"inLanguage\":\"fr-FR\"},{\"@type\":\"Organization\",\"@id\":\"https:\/\/citytourseindhoven.com\/fr\/#organization\",\"name\":\"City Tours Eindhoven\",\"url\":\"https:\/\/citytourseindhoven.com\/fr\/\",\"logo\":{\"@type\":\"ImageObject\",\"inLanguage\":\"fr-FR\",\"@id\":\"https:\/\/citytourseindhoven.com\/fr\/#\/schema\/logo\/image\/\",\"url\":\"https:\/\/citytourseindhoven.com\/wp-content\/uploads\/2023\/08\/cte_logo_svg-2.svg\",\"contentUrl\":\"https:\/\/citytourseindhoven.com\/wp-content\/uploads\/2023\/08\/cte_logo_svg-2.svg\",\"width\":1,\"height\":1,\"caption\":\"City Tours Eindhoven\"},\"image\":{\"@id\":\"https:\/\/citytourseindhoven.com\/fr\/#\/schema\/logo\/image\/\"},\"sameAs\":[\"https:\/\/facebook.com\/citytourseindhoven.com\",\"https:\/\/instagram.com\/citytourseindhoven.com\"]}]}<\/script>\n<!-- \/ Yoast SEO plugin. -->","yoast_head_json":{"title":"Politique de confidentialit\u00e9 - City Tours Eindhoven","robots":{"index":"index","follow":"follow","max-snippet":"max-snippet:-1","max-image-preview":"max-image-preview:large","max-video-preview":"max-video-preview:-1"},"canonical":"https:\/\/citytourseindhoven.com\/fr\/politique-de-confidentialite\/","og_locale":"fr_FR","og_type":"article","og_title":"Politique de confidentialit\u00e9 - City Tours Eindhoven","og_description":"City Tours Eindhoven t.h.o.d.n. Food Tour Brabant, dont le si\u00e8ge social est situ\u00e9 Oberto 14, 5629 NG, Eindhoven, est responsable du traitement des donn\u00e9es \u00e0 caract\u00e8re personnel tel qu\u2019indiqu\u00e9 dans la pr\u00e9sente d\u00e9claration de confidentialit\u00e9. Coordonn\u00e9es : Visites de la ville d\u2019Eindhoven https:\/\/citytourseindhoven.com + www.foodtourbrabant.nl Oberto 14, 5629 NG, Eindhoven T\u00e9l\u00e9phone&nbsp;: 040 209 2170 WhatsApp&nbsp;: [&hellip;]","og_url":"https:\/\/citytourseindhoven.com\/fr\/politique-de-confidentialite\/","og_site_name":"City Tours Eindhoven","article_publisher":"https:\/\/facebook.com\/citytourseindhoven.com","twitter_card":"summary_large_image","twitter_misc":{"Dur\u00e9e de lecture estim\u00e9e":"6 minutes"},"schema":{"@context":"https:\/\/schema.org","@graph":[{"@type":"WebPage","@id":"https:\/\/citytourseindhoven.com\/fr\/politique-de-confidentialite\/","url":"https:\/\/citytourseindhoven.com\/fr\/politique-de-confidentialite\/","name":"Politique de confidentialit\u00e9 - City Tours Eindhoven","isPartOf":{"@id":"https:\/\/citytourseindhoven.com\/fr\/#website"},"datePublished":"2025-02-05T15:41:47+00:00","breadcrumb":{"@id":"https:\/\/citytourseindhoven.com\/fr\/politique-de-confidentialite\/#breadcrumb"},"inLanguage":"fr-FR","potentialAction":[{"@type":"ReadAction","target":["https:\/\/citytourseindhoven.com\/fr\/politique-de-confidentialite\/"]}]},{"@type":"BreadcrumbList","@id":"https:\/\/citytourseindhoven.com\/fr\/politique-de-confidentialite\/#breadcrumb","itemListElement":[{"@type":"ListItem","position":1,"name":"Home","item":"https:\/\/citytourseindhoven.com\/fr\/"},{"@type":"ListItem","position":2,"name":"Politique de confidentialit\u00e9"}]},{"@type":"WebSite","@id":"https:\/\/citytourseindhoven.com\/fr\/#website","url":"https:\/\/citytourseindhoven.com\/fr\/","name":"City Tours Eindhoven","description":"Tours &amp; Uitjes in Eindhoven","publisher":{"@id":"https:\/\/citytourseindhoven.com\/fr\/#organization"},"potentialAction":[{"@type":"SearchAction","target":{"@type":"EntryPoint","urlTemplate":"https:\/\/citytourseindhoven.com\/fr\/?s={search_term_string}"},"query-input":{"@type":"PropertyValueSpecification","valueRequired":true,"valueName":"search_term_string"}}],"inLanguage":"fr-FR"},{"@type":"Organization","@id":"https:\/\/citytourseindhoven.com\/fr\/#organization","name":"City Tours Eindhoven","url":"https:\/\/citytourseindhoven.com\/fr\/","logo":{"@type":"ImageObject","inLanguage":"fr-FR","@id":"https:\/\/citytourseindhoven.com\/fr\/#\/schema\/logo\/image\/","url":"https:\/\/citytourseindhoven.com\/wp-content\/uploads\/2023\/08\/cte_logo_svg-2.svg","contentUrl":"https:\/\/citytourseindhoven.com\/wp-content\/uploads\/2023\/08\/cte_logo_svg-2.svg","width":1,"height":1,"caption":"City Tours Eindhoven"},"image":{"@id":"https:\/\/citytourseindhoven.com\/fr\/#\/schema\/logo\/image\/"},"sameAs":["https:\/\/facebook.com\/citytourseindhoven.com","https:\/\/instagram.com\/citytourseindhoven.com"]}]}},"_links":{"self":[{"href":"https:\/\/citytourseindhoven.com\/fr\/wp-json\/wp\/v2\/pages\/3008","targetHints":{"allow":["GET"]}}],"collection":[{"href":"https:\/\/citytourseindhoven.com\/fr\/wp-json\/wp\/v2\/pages"}],"about":[{"href":"https:\/\/citytourseindhoven.com\/fr\/wp-json\/wp\/v2\/types\/page"}],"author":[{"embeddable":true,"href":"https:\/\/citytourseindhoven.com\/fr\/wp-json\/wp\/v2\/users\/1"}],"replies":[{"embeddable":true,"href":"https:\/\/citytourseindhoven.com\/fr\/wp-json\/wp\/v2\/comments?post=3008"}],"version-history":[{"count":0,"href":"https:\/\/citytourseindhoven.com\/fr\/wp-json\/wp\/v2\/pages\/3008\/revisions"}],"wp:attachment":[{"href":"https:\/\/citytourseindhoven.com\/fr\/wp-json\/wp\/v2\/media?parent=3008"}],"curies":[{"name":"wp","href":"https:\/\/api.w.org\/{rel}","templated":true}]}}