{"id":3007,"date":"2025-02-05T16:41:47","date_gmt":"2025-02-05T15:41:47","guid":{"rendered":"https:\/\/citytourseindhoven.com\/informativa-sulla-privacy\/"},"modified":"2025-02-05T16:41:47","modified_gmt":"2025-02-05T15:41:47","slug":"informativa-sulla-privacy","status":"publish","type":"page","link":"https:\/\/citytourseindhoven.com\/it\/informativa-sulla-privacy\/","title":{"rendered":"Informativa sulla privacy"},"content":{"rendered":"<p>City Tours Eindhoven t.h.o.d.n. Food Tour Brabant, con sede in Oberto 14, 5629 NG, Eindhoven, \u00e8 responsabile del trattamento dei dati personali come indicato nella presente informativa sulla privacy.<\/p>\n<p><strong>Contatti:<br \/>\n<\/strong>Tour della citt\u00e0 Eindhoven<br \/>\n<a href=\"https:\/\/citytourseindhoven.com\/\">https:\/\/citytourseindhoven.com<\/a> + <a href=\"http:\/\/www.foodtourbrabant.nl\/\" target=\"_blank\" rel=\"nofollow noopener\">www.foodtourbrabant.nl<\/a><br \/>\nOberto 14, 5629 NG, Eindhoven<br \/>\nTelefono: 040 209 2170<br \/>\nWhatsApp: +31 6 42 63 18 00<\/p>\n<p><strong>Dati personali che trattiamo<br \/>\n<\/strong>City Tours Eindhoven t.h.o.d.n. Food Tour Brabant tratta i vostri dati personali perch\u00e9 utilizzate i nostri servizi e\/o perch\u00e9 ci fornite voi stessi questi dati. Di seguito troverete una panoramica dei dati personali che elaboriamo: <\/p>\n<p>\u2013 Nome e cognome<br \/>\n \u2013 Numero di<br \/>\n telefono \u2013 Indirizzo<br \/>\n e-mail \u2013 Nome dell&#8217;azienda (facoltativo)<br \/>\n \u2013 Dati sulle tue attivit\u00e0 sul nostro sito web<\/p>\n<p><strong>Dati personali particolari e\/o sensibili che trattiamo<br \/>\n<\/strong>Il nostro sito web e\/o servizio non intende raccogliere dati sui visitatori del sito web di et\u00e0 inferiore ai 16 anni. A meno che non abbiano il permesso dei genitori o del tutore. Tuttavia, non possiamo verificare che un visitatore abbia pi\u00f9 di 16 anni. Pertanto, raccomandiamo ai genitori di essere coinvolti nelle attivit\u00e0 online dei propri figli al fine di evitare che i dati sui bambini vengano raccolti senza il consenso dei genitori. Se sei convinto che abbiamo raccolto dati personali su un minore senza tale consenso, ti preghiamo di contattarci <a href=\"mailto:info@citytourseindhoven.com\">all&#8217;indirizzo info@citytourseindhoven.com<\/a> e cancelleremo queste informazioni.    <\/p>\n<p><strong>Per quale scopo e su quale base trattiamo<br \/>\n i dati personali<\/strong>City Tours Eindhoven t.h.o.d.n. Food Tour Brabant tratta i tuoi dati personali per le seguenti finalit\u00e0: \u2013 Per poterti chiamare o inviarti un&#8217;e-mail se ci\u00f2 \u00e8 necessario per poter eseguire i nostri servizi. Trasmettiamo il nome dell&#8217;intestatario della prenotazione, il numero di telefono associato e le eventuali diete al settore della ristorazione partecipante o a terzi esecutori. <\/p>\n<p><strong>Processo<br \/>\n decisionale automatizzato<\/strong>City Tours Eindhoven t.h.o.d.n. Food Tour Brabant prende decisioni sulla base di un trattamento automatizzato su questioni che possono avere conseguenze (significative) per le persone. Si tratta di decisioni che vengono prese da programmi o sistemi informatici, senza che un essere umano (ad esempio, un dipendente di City Tours Eindhoven t.h.o.d.n. Food Tour Brabant) sia coinvolto. City Tours Eindhoven t.h.o.d.n. Food Tour Brabant utilizza i seguenti programmi o sistemi informatici: WordPress CMS + MailPoet per gestire questo sito web.  <\/p>\n<p><strong>Per quanto tempo conserviamo<br \/>\n i dati personali<\/strong>City Tours Eindhoven t.h.o.d.n. Food Tour Brabant non conserva i tuoi dati personali pi\u00f9 a lungo di quanto strettamente necessario per raggiungere le finalit\u00e0 per le quali i tuoi dati sono stati raccolti. Utilizziamo un periodo di conservazione per un periodo di tempo indefinito. Ci\u00f2 significa che cancelleremo i dati inseriti tramite il modulo di contatto solo su richiesta.  <\/p>\n<p><strong>Condivisione dei dati personali con terze parti<br \/>\n<\/strong>City Tours Eindhoven t.h.o.d.n. Food Tour Brabant fornisce solo a terzi e solo se ci\u00f2 \u00e8 necessario per l&#8217;esecuzione del nostro accordo con voi o per adempiere a un obbligo legale. Trasmettiamo il nome dell&#8217;intestatario della prenotazione, il numero di telefono associato e le eventuali diete al settore della ristorazione partecipante o a terzi esecutori. <\/p>\n<p><strong>Cookie o tecniche simili che utilizziamo<br \/>\n<\/strong>City Tours Eindhoven t.h.o.d.n. Food Tour Brabant utilizza cookie tecnici e di funzionalit\u00e0. Anche i cookie analitici che non violano la tua privacy. Un cookie \u00e8 un piccolo file di testo che viene memorizzato sul tuo computer, tablet o smartphone quando visiti per la prima volta questo sito web. I cookie che utilizziamo sono necessari per il funzionamento tecnico del sito web e per la tua facilit\u00e0 d&#8217;uso. Assicurano che il sito web funzioni correttamente e ricordano, ad esempio, le tue impostazioni preferite. Ci consente inoltre di ottimizzare il nostro sito Web e l&#8217;app di percorso. \u00c8 possibile disattivare i cookie impostando il browser Internet in modo che interrompa la memorizzazione dei cookie. Inoltre, puoi anche eliminare tutte le informazioni che sono state precedentemente salvate tramite le impostazioni del tuo browser.       <\/p>\n<p><strong>Visualizzazione, modifica o eliminazione di<br \/>\n dati<\/strong>L&#8217;utente ha il diritto di visualizzare, correggere o cancellare i propri dati personali. Inoltre, hai il diritto di revocare il tuo consenso al trattamento dei dati o di opporti al trattamento dei tuoi dati personali da parte della nostra societ\u00e0 e hai il diritto alla portabilit\u00e0 dei dati. Ci\u00f2 significa che l&#8217;utente pu\u00f2 inviarci una richiesta per inviare i dati personali in nostro possesso in un file informatico all&#8217;utente o a un&#8217;altra organizzazione da lui nominata. Se desidera esercitare il suo diritto di opposizione e\/o il diritto alla portabilit\u00e0 dei dati o se ha altre domande\/commenti sul trattamento dei dati, \u00e8 pregato di inviare una richiesta specifica a <a href=\"mailto:info@citytourseindhoven.com\">info@citytourseindhoven.com<\/a>. Per garantire che la richiesta di accesso sia stata effettuata da te, ti chiediamo di allegare alla richiesta una copia del tuo documento d&#8217;identit\u00e0. In questa copia, oscura la foto del passaporto, la MRZ (zona a lettura ottica, la striscia con i numeri nella parte inferiore del passaporto), il numero di passaporto e il numero di servizio al cittadino (BSN). Questo per proteggere la tua privacy. City Tours Eindhoven t.h.o.d.n. Food Tour Brabant risponder\u00e0 alla tua richiesta nel pi\u00f9 breve tempo possibile, ma in ogni caso entro quattro settimane. City Tours Eindhoven t.h.o.d.n. Food Tour Brabant desidera inoltre sottolineare che hai la possibilit\u00e0 di presentare un reclamo all&#8217;autorit\u00e0 di controllo nazionale, l&#8217;Autorit\u00e0 olandese per la protezione dei dati. Puoi farlo tramite il seguente link: <a href=\"https:\/\/autoriteitpersoonsgegevens.nl\/nl\/contact-met-de-autoriteit-persoonsgegevens\/tip-ons\" target=\"_blank\" rel=\"nofollow noopener\">https:\/\/autoriteitpersoonsgegevens.nl\/nl\/contact-met-de-autoriteit-persoonsgegevens\/tip-ons<\/a>         <\/p>\n<p><strong>Come proteggiamo i<br \/>\n dati personali<\/strong>City Tours Eindhoven t.h.o.d.n. Food Tour Brabant prende sul serio la protezione dei vostri dati e adotta misure appropriate per prevenire l&#8217;uso improprio, la perdita, l&#8217;accesso non autorizzato, la divulgazione indesiderata e la modifica non autorizzata. Se ritieni che i tuoi dati non siano adeguatamente protetti o ci sono indicazioni di uso improprio, contatta il nostro servizio clienti o tramite <a href=\"mailto:info@citytourseindhoven.com\">info@citytourseindhoven.com<\/a> <\/p>\n","protected":false},"excerpt":{"rendered":"<p>City Tours Eindhoven t.h.o.d.n. Food Tour Brabant, con sede in Oberto 14, 5629 NG, Eindhoven, \u00e8 responsabile del trattamento dei dati personali come indicato nella presente informativa sulla privacy. Contatti: Tour della citt\u00e0 Eindhoven https:\/\/citytourseindhoven.com + www.foodtourbrabant.nl Oberto 14, 5629 NG, Eindhoven Telefono: 040 209 2170 WhatsApp: +31 6 42 63 18 00 Dati personali [&hellip;]<\/p>\n","protected":false},"author":1,"featured_media":0,"parent":0,"menu_order":66,"comment_status":"closed","ping_status":"closed","template":"","meta":{"footnotes":""},"class_list":["post-3007","page","type-page","status-publish","hentry"],"yoast_head":"<!-- This site is optimized with the Yoast SEO plugin v24.6 - https:\/\/yoast.com\/wordpress\/plugins\/seo\/ -->\n<title>Informativa sulla privacy - City Tours Eindhoven<\/title>\n<meta name=\"robots\" content=\"index, follow, max-snippet:-1, max-image-preview:large, max-video-preview:-1\" \/>\n<link rel=\"canonical\" href=\"https:\/\/citytourseindhoven.com\/it\/informativa-sulla-privacy\/\" \/>\n<meta property=\"og:locale\" content=\"it_IT\" \/>\n<meta property=\"og:type\" content=\"article\" \/>\n<meta property=\"og:title\" content=\"Informativa sulla privacy - City Tours Eindhoven\" \/>\n<meta property=\"og:description\" content=\"City Tours Eindhoven t.h.o.d.n. Food Tour Brabant, con sede in Oberto 14, 5629 NG, Eindhoven, \u00e8 responsabile del trattamento dei dati personali come indicato nella presente informativa sulla privacy. Contatti: Tour della citt\u00e0 Eindhoven https:\/\/citytourseindhoven.com + www.foodtourbrabant.nl Oberto 14, 5629 NG, Eindhoven Telefono: 040 209 2170 WhatsApp: +31 6 42 63 18 00 Dati personali [&hellip;]\" \/>\n<meta property=\"og:url\" content=\"https:\/\/citytourseindhoven.com\/it\/informativa-sulla-privacy\/\" \/>\n<meta property=\"og:site_name\" content=\"City Tours Eindhoven\" \/>\n<meta property=\"article:publisher\" content=\"https:\/\/facebook.com\/citytourseindhoven.com\" \/>\n<meta name=\"twitter:card\" content=\"summary_large_image\" \/>\n<meta name=\"twitter:label1\" content=\"Tempo di lettura stimato\" \/>\n\t<meta name=\"twitter:data1\" content=\"5 minuti\" \/>\n<script type=\"application\/ld+json\" class=\"yoast-schema-graph\">{\"@context\":\"https:\/\/schema.org\",\"@graph\":[{\"@type\":\"WebPage\",\"@id\":\"https:\/\/citytourseindhoven.com\/it\/informativa-sulla-privacy\/\",\"url\":\"https:\/\/citytourseindhoven.com\/it\/informativa-sulla-privacy\/\",\"name\":\"Informativa sulla privacy - City Tours Eindhoven\",\"isPartOf\":{\"@id\":\"https:\/\/citytourseindhoven.com\/it\/#website\"},\"datePublished\":\"2025-02-05T15:41:47+00:00\",\"breadcrumb\":{\"@id\":\"https:\/\/citytourseindhoven.com\/it\/informativa-sulla-privacy\/#breadcrumb\"},\"inLanguage\":\"it-IT\",\"potentialAction\":[{\"@type\":\"ReadAction\",\"target\":[\"https:\/\/citytourseindhoven.com\/it\/informativa-sulla-privacy\/\"]}]},{\"@type\":\"BreadcrumbList\",\"@id\":\"https:\/\/citytourseindhoven.com\/it\/informativa-sulla-privacy\/#breadcrumb\",\"itemListElement\":[{\"@type\":\"ListItem\",\"position\":1,\"name\":\"Home\",\"item\":\"https:\/\/citytourseindhoven.com\/it\/\"},{\"@type\":\"ListItem\",\"position\":2,\"name\":\"Informativa sulla privacy\"}]},{\"@type\":\"WebSite\",\"@id\":\"https:\/\/citytourseindhoven.com\/it\/#website\",\"url\":\"https:\/\/citytourseindhoven.com\/it\/\",\"name\":\"City Tours Eindhoven\",\"description\":\"Tours &amp; Uitjes in Eindhoven\",\"publisher\":{\"@id\":\"https:\/\/citytourseindhoven.com\/it\/#organization\"},\"potentialAction\":[{\"@type\":\"SearchAction\",\"target\":{\"@type\":\"EntryPoint\",\"urlTemplate\":\"https:\/\/citytourseindhoven.com\/it\/?s={search_term_string}\"},\"query-input\":{\"@type\":\"PropertyValueSpecification\",\"valueRequired\":true,\"valueName\":\"search_term_string\"}}],\"inLanguage\":\"it-IT\"},{\"@type\":\"Organization\",\"@id\":\"https:\/\/citytourseindhoven.com\/it\/#organization\",\"name\":\"City Tours Eindhoven\",\"url\":\"https:\/\/citytourseindhoven.com\/it\/\",\"logo\":{\"@type\":\"ImageObject\",\"inLanguage\":\"it-IT\",\"@id\":\"https:\/\/citytourseindhoven.com\/it\/#\/schema\/logo\/image\/\",\"url\":\"https:\/\/citytourseindhoven.com\/wp-content\/uploads\/2023\/08\/cte_logo_svg-2.svg\",\"contentUrl\":\"https:\/\/citytourseindhoven.com\/wp-content\/uploads\/2023\/08\/cte_logo_svg-2.svg\",\"width\":1,\"height\":1,\"caption\":\"City Tours Eindhoven\"},\"image\":{\"@id\":\"https:\/\/citytourseindhoven.com\/it\/#\/schema\/logo\/image\/\"},\"sameAs\":[\"https:\/\/facebook.com\/citytourseindhoven.com\",\"https:\/\/instagram.com\/citytourseindhoven.com\"]}]}<\/script>\n<!-- \/ Yoast SEO plugin. -->","yoast_head_json":{"title":"Informativa sulla privacy - City Tours Eindhoven","robots":{"index":"index","follow":"follow","max-snippet":"max-snippet:-1","max-image-preview":"max-image-preview:large","max-video-preview":"max-video-preview:-1"},"canonical":"https:\/\/citytourseindhoven.com\/it\/informativa-sulla-privacy\/","og_locale":"it_IT","og_type":"article","og_title":"Informativa sulla privacy - City Tours Eindhoven","og_description":"City Tours Eindhoven t.h.o.d.n. Food Tour Brabant, con sede in Oberto 14, 5629 NG, Eindhoven, \u00e8 responsabile del trattamento dei dati personali come indicato nella presente informativa sulla privacy. Contatti: Tour della citt\u00e0 Eindhoven https:\/\/citytourseindhoven.com + www.foodtourbrabant.nl Oberto 14, 5629 NG, Eindhoven Telefono: 040 209 2170 WhatsApp: +31 6 42 63 18 00 Dati personali [&hellip;]","og_url":"https:\/\/citytourseindhoven.com\/it\/informativa-sulla-privacy\/","og_site_name":"City Tours Eindhoven","article_publisher":"https:\/\/facebook.com\/citytourseindhoven.com","twitter_card":"summary_large_image","twitter_misc":{"Tempo di lettura stimato":"5 minuti"},"schema":{"@context":"https:\/\/schema.org","@graph":[{"@type":"WebPage","@id":"https:\/\/citytourseindhoven.com\/it\/informativa-sulla-privacy\/","url":"https:\/\/citytourseindhoven.com\/it\/informativa-sulla-privacy\/","name":"Informativa sulla privacy - City Tours Eindhoven","isPartOf":{"@id":"https:\/\/citytourseindhoven.com\/it\/#website"},"datePublished":"2025-02-05T15:41:47+00:00","breadcrumb":{"@id":"https:\/\/citytourseindhoven.com\/it\/informativa-sulla-privacy\/#breadcrumb"},"inLanguage":"it-IT","potentialAction":[{"@type":"ReadAction","target":["https:\/\/citytourseindhoven.com\/it\/informativa-sulla-privacy\/"]}]},{"@type":"BreadcrumbList","@id":"https:\/\/citytourseindhoven.com\/it\/informativa-sulla-privacy\/#breadcrumb","itemListElement":[{"@type":"ListItem","position":1,"name":"Home","item":"https:\/\/citytourseindhoven.com\/it\/"},{"@type":"ListItem","position":2,"name":"Informativa sulla privacy"}]},{"@type":"WebSite","@id":"https:\/\/citytourseindhoven.com\/it\/#website","url":"https:\/\/citytourseindhoven.com\/it\/","name":"City Tours Eindhoven","description":"Tours &amp; Uitjes in Eindhoven","publisher":{"@id":"https:\/\/citytourseindhoven.com\/it\/#organization"},"potentialAction":[{"@type":"SearchAction","target":{"@type":"EntryPoint","urlTemplate":"https:\/\/citytourseindhoven.com\/it\/?s={search_term_string}"},"query-input":{"@type":"PropertyValueSpecification","valueRequired":true,"valueName":"search_term_string"}}],"inLanguage":"it-IT"},{"@type":"Organization","@id":"https:\/\/citytourseindhoven.com\/it\/#organization","name":"City Tours Eindhoven","url":"https:\/\/citytourseindhoven.com\/it\/","logo":{"@type":"ImageObject","inLanguage":"it-IT","@id":"https:\/\/citytourseindhoven.com\/it\/#\/schema\/logo\/image\/","url":"https:\/\/citytourseindhoven.com\/wp-content\/uploads\/2023\/08\/cte_logo_svg-2.svg","contentUrl":"https:\/\/citytourseindhoven.com\/wp-content\/uploads\/2023\/08\/cte_logo_svg-2.svg","width":1,"height":1,"caption":"City Tours Eindhoven"},"image":{"@id":"https:\/\/citytourseindhoven.com\/it\/#\/schema\/logo\/image\/"},"sameAs":["https:\/\/facebook.com\/citytourseindhoven.com","https:\/\/instagram.com\/citytourseindhoven.com"]}]}},"_links":{"self":[{"href":"https:\/\/citytourseindhoven.com\/it\/wp-json\/wp\/v2\/pages\/3007","targetHints":{"allow":["GET"]}}],"collection":[{"href":"https:\/\/citytourseindhoven.com\/it\/wp-json\/wp\/v2\/pages"}],"about":[{"href":"https:\/\/citytourseindhoven.com\/it\/wp-json\/wp\/v2\/types\/page"}],"author":[{"embeddable":true,"href":"https:\/\/citytourseindhoven.com\/it\/wp-json\/wp\/v2\/users\/1"}],"replies":[{"embeddable":true,"href":"https:\/\/citytourseindhoven.com\/it\/wp-json\/wp\/v2\/comments?post=3007"}],"version-history":[{"count":0,"href":"https:\/\/citytourseindhoven.com\/it\/wp-json\/wp\/v2\/pages\/3007\/revisions"}],"wp:attachment":[{"href":"https:\/\/citytourseindhoven.com\/it\/wp-json\/wp\/v2\/media?parent=3007"}],"curies":[{"name":"wp","href":"https:\/\/api.w.org\/{rel}","templated":true}]}}